{"id":13854,"date":"2025-11-28T10:27:25","date_gmt":"2025-11-28T08:27:25","guid":{"rendered":"https:\/\/www.tmipal.com\/test\/sistema-interno-de-informacion\/"},"modified":"2026-03-31T09:28:21","modified_gmt":"2026-03-31T07:28:21","slug":"sistema-interno-de-informacion","status":"publish","type":"page","link":"https:\/\/www.tmipal.com\/es-mx\/sistema-interno-de-informacion\/","title":{"rendered":"Sistema interno de informaci\u00f3n"},"content":{"rendered":"\n<h2 class=\"wp-block-heading has-medium-font-size\">I.- C\u00d3DIGO \u00c9TICO Y PLAN DE PREVENCI\u00d3N DE DELITOS<\/h2>\n\n\n\n<p><br>T\u00c9CNICAS MEC\u00c1NICAS ILERDENSES, S.L.U. (en adelante &#8220;TMI&#8221; o &#8220;la empresa&#8221;) es una sociedad comprometida con el cumplimiento de las normas y principios \u00e9ticos, as\u00ed como de toda legislaci\u00f3n y regulaciones vigentes. La normativa reguladora de la actividad de las personas en general y de las empresas en particular evoluciona de forma constante y es cada d\u00eda m\u00e1s compleja. El entorno de la empresa, como el resto de \u00e1mbitos de la sociedad, es un entorno en el que desgraciadamente se pueden producir voluntaria o involuntariamente conductas tipificadas en el ordenamiento como delito. En el marco de responsabilidad social que caracteriza a la empresa y con la voluntad de prevenir y, en la medida de lo posible, evitar la comisi\u00f3n de conductas delictivas en el seno de TMI, la sociedad ha desarrollado e implantado un programa interno de prevenci\u00f3n de delitos. Es en este contexto que TMI ha aprobado un C\u00f3digo de Conducta o C\u00f3digo \u00c9tico, en el que se recogen y se especifican los Principios Corporativos Empresariales que deben regir la actividad de la empresa y de sus miembros y que conlleva el establecimiento de determinadas normas de comportamiento no negociables.<\/p>\n\n\n\n<p><br><strong>Relaci\u00f3n de los Principios Corporativos Empresariales de TMI:<\/strong><\/p>\n\n\n\n<p>\u00a4 Respecto a la legalidad. Cumplimiento de las leyes, normas y protocolos internos de actuaci\u00f3n.<br>\u00a4 Respeto e integridad de las personas, seguridad y salud en el trabajo.<br>\u00a4 Compromiso contra las conductas de corrupci\u00f3n y de soborno.<br>\u00a4 Compromiso de la empresa en la lucha contra el blanqueo de capitales y en la prevenci\u00f3n del fraude.<br>\u00a4. Compromiso relativo al cumplimiento de las obligaciones fiscales, de seguridad social y las relativas a la obtenci\u00f3n y aplicaci\u00f3n de ayudas o subvenciones p\u00fablicas.<br>\u00a4 Protecci\u00f3n de la informaci\u00f3n confidencial de la sociedad, empleados y terceros.<br>\u00a4 Respeto por los derechos de propiedad intelectual e industrial.<br>\u00a4 Compromiso de cumplimiento de las normas de protecci\u00f3n medioambientales y uso eficiente de los recursos.<br>\u00a4 Compromiso con la calidad.<br>\u00a4 Prohibici\u00f3n de situaciones de conflicto de inter\u00e9s.<\/p>\n\n\n\n<h2 class=\"wp-block-heading has-medium-font-size\">II.- SISTEMA INTERNO DE INFORMACI\u00d3N<\/h2>\n\n\n\n<p><br>En cumplimiento de la Ley 2\/2023, de 20 de Febrero, reguladora de la protecci\u00f3n de las personas que informen sobre infracciones normativas y de lucha contra la corrupci\u00f3n, T\u00c9CNICAS MEC\u00c1NICAS ILERDENSES, SLU (TMI) hace constar que cuenta con un Sistema Interno de Informaci\u00f3n, siendo su \u00f3rgano de administraci\u00f3n el responsable del tratamiento de los datos personales de conformidad con lo dispuesto por la legislaci\u00f3n vigente en este \u00e1mbito.<br>Con la finalidad de fortalecer la cultura de la informaci\u00f3n y de las infraestructuras de dignidad de TMI, y de fomentar la cultura de la comunicaci\u00f3n como mecanismo de prevenci\u00f3n de actividades u omisiones que puedan ser constitutivas de infracciones penales, administrativas graves o muy graves o laborales relativas a salud y seguridad, la empresa ha nombrado a la persona Responsable de Cumplimiento Penal (RCP) como persona Responsable del Sistema Interno de Informaci\u00f3n (RSII) y tiene activado, por varios medios, un Canal \u00c9tico (en el pertinente, Canal Interno de \u0301Informaci\u00f3n) para poder contactar:<\/p>\n\n\n\n<ul class=\"wp-block-list\">\n<li>En la direcci\u00f3n de correo electr\u00f3nico: canaletic@tmipal.com<\/li>\n\n\n\n<li>En la direcci\u00f3n postal: Calle Alcarr\u00e0s, 66, P.I. Camino de los Frailes, 25190 Lleida (a la atenci\u00f3n de la persona Responsable de Cumplimiento Penal y del Sistema Interno de Informaci\u00f3n)<\/li>\n\n\n\n<li>Mediante escrito entregado a la persona Responsable de Cumplimiento Penal y del Sistema Interno de Informaci\u00f3n. A solicitud del informante, tambi\u00e9n podr\u00e1 presentarse la comunicaci\u00f3n mediante una reuni\u00f3n presencial con la persona RCP\/RSII, dentro de un plazo m\u00e1ximo de siete d\u00edas.<\/li>\n<\/ul>\n\n\n\n<h2 class=\"wp-block-heading has-medium-font-size\">III.- TRATAMIENTO DE DATOS PERSONALES<br><\/h2>\n\n\n\n<p>TMI tratar\u00e1 los datos personales incluidos en las comunicaciones que se reciban y queden amparados por la Ley 2\/2023, como responsable del tratamiento, con la finalidad de poder gestionarlos e iniciar, en su caso, el procedimiento de investigaci\u00f3n correspondiente. La base jur\u00eddica del tratamiento ser\u00e1 el cumplimiento de una obligaci\u00f3n legal, derivada de la Ley de referencia. Si la comunicaci\u00f3n contiene datos de car\u00e1cter especial, la base jur\u00eddica ser\u00e1 el inter\u00e9s p\u00fablico esencial y otras previsiones establecidas en el apartado 2 del art. 9.2. del Reglamento (UE) 2016\/679 del Parlamento Europeo y del Consejo de 27 de abril de 2016 relativo a la protecci\u00f3n de las personas f\u00edsicas respecto al tratamiento de datos personales. info@tmipal.com. En caso de disconformidad con el tratamiento de sus datos, podr\u00e1 presentar una reclamaci\u00f3n ante la Agencia Espa\u00f1ola de Protecci\u00f3n de Datos, organismo que ostenta la autoridad de control en la materia, ubicada en la C\/ Jorge Juan, 6 (28001) Madrid (www.aepd.es).<br><\/p>\n\n\n\n<h2 class=\"wp-block-heading has-medium-font-size\">IV.- NO REPRESALIA <\/h2>\n\n\n\n<p>TMI se compromete expresamente a no llevar a cabo actos constitutivos de represalia, incluidas amenazas o tentativas de represalia contra las personas que presenten una comunicaci\u00f3n conforme a lo previsto en la Ley 2\/2023, y a aplicar medidas de protecci\u00f3n durante la tramitaci\u00f3n de un expediente, respecto de las personas afectadas por una posible comunicaci\u00f3n.<\/p>\n\n\n\n<p>(<em>*) El Canal Intern d \u0301Informaci\u00f3 permite la presentaci\u00f3n de comunicaciones an\u00f3nimas. <\/em><\/p>\n\n\n\n<p><em>(<\/em>**) No obstante el uso del canal interno de informaci\u00f3n es de uso preferente, las comunicaciones podr\u00e1n tambi\u00e9n remitirse, en su caso, a la Autoridad Independiente de Protecci\u00f3n del Informante o a las autoridades u \u00f3rganos auton\u00f3micos correspondientes (actualmente al \u00e1mbito de la Comunidad Aut\u00f3noma de Catalu\u00f1a, la Oficina Antifraude de<br>Catalu\u00f1a), al Ministerio Fiscal o a la Fiscal\u00eda Europea, seg\u00fan sea pertinente.<\/p>\n\n\n\n<p><\/p>\n","protected":false},"excerpt":{"rendered":"<p>I.- C\u00d3DIGO \u00c9TICO Y PLAN DE PREVENCI\u00d3N DE DELITOS T\u00c9CNICAS MEC\u00c1NICAS ILERDENSES, S.L.U. (en adelante &#8220;TMI&#8221; o &#8220;la empresa&#8221;) es una sociedad comprometida con el cumplimiento de las normas y principios \u00e9ticos, as\u00ed como de toda legislaci\u00f3n y regulaciones vigentes. La normativa reguladora de la actividad de las personas en general y de las empresas [&hellip;]<\/p>\n","protected":false},"author":1,"featured_media":0,"parent":0,"menu_order":0,"comment_status":"closed","ping_status":"closed","template":"","meta":{"_acf_changed":false,"_monsterinsights_skip_tracking":false,"_monsterinsights_sitenote_active":false,"_monsterinsights_sitenote_note":"","_monsterinsights_sitenote_category":0,"_uf_show_specific_survey":0,"_uf_disable_surveys":false,"footnotes":""},"class_list":["post-13854","page","type-page","status-publish","hentry"],"acf":[],"yoast_head":"<!-- This site is optimized with the Yoast SEO plugin v26.8 - https:\/\/yoast.com\/product\/yoast-seo-wordpress\/ -->\n<title>Sistema interno de informaci\u00f3n - TMI<\/title>\n<meta name=\"robots\" content=\"index, follow, max-snippet:-1, max-image-preview:large, max-video-preview:-1\" \/>\n<link rel=\"canonical\" href=\"https:\/\/www.tmipal.com\/es-mx\/sistema-interno-de-informacion\/\" \/>\n<meta property=\"og:locale\" content=\"es_MX\" \/>\n<meta property=\"og:type\" content=\"article\" \/>\n<meta property=\"og:title\" content=\"Sistema interno de informaci\u00f3n - TMI\" \/>\n<meta property=\"og:description\" content=\"I.- C\u00d3DIGO \u00c9TICO Y PLAN DE PREVENCI\u00d3N DE DELITOS T\u00c9CNICAS MEC\u00c1NICAS ILERDENSES, S.L.U. (en adelante &#8220;TMI&#8221; o &#8220;la empresa&#8221;) es una sociedad comprometida con el cumplimiento de las normas y principios \u00e9ticos, as\u00ed como de toda legislaci\u00f3n y regulaciones vigentes. La normativa reguladora de la actividad de las personas en general y de las empresas [&hellip;]\" \/>\n<meta property=\"og:url\" content=\"https:\/\/www.tmipal.com\/es-mx\/sistema-interno-de-informacion\/\" \/>\n<meta property=\"og:site_name\" content=\"TMI\" \/>\n<meta property=\"article:modified_time\" content=\"2026-03-31T07:28:21+00:00\" \/>\n<meta name=\"twitter:card\" content=\"summary_large_image\" \/>\n<meta name=\"twitter:label1\" content=\"Tiempo de lectura\" \/>\n\t<meta name=\"twitter:data1\" content=\"5 minutos\" \/>\n<script type=\"application\/ld+json\" class=\"yoast-schema-graph\">{\"@context\":\"https:\/\/schema.org\",\"@graph\":[{\"@type\":\"WebPage\",\"@id\":\"https:\/\/www.tmipal.com\/es-mx\/sistema-interno-de-informacion\/\",\"url\":\"https:\/\/www.tmipal.com\/es-mx\/sistema-interno-de-informacion\/\",\"name\":\"Sistema interno de informaci\u00f3n - TMI\",\"isPartOf\":{\"@id\":\"https:\/\/www.tmipal.com\/es-mx\/#website\"},\"datePublished\":\"2025-11-28T08:27:25+00:00\",\"dateModified\":\"2026-03-31T07:28:21+00:00\",\"breadcrumb\":{\"@id\":\"https:\/\/www.tmipal.com\/es-mx\/sistema-interno-de-informacion\/#breadcrumb\"},\"inLanguage\":\"es\",\"potentialAction\":[{\"@type\":\"ReadAction\",\"target\":[\"https:\/\/www.tmipal.com\/es-mx\/sistema-interno-de-informacion\/\"]}]},{\"@type\":\"BreadcrumbList\",\"@id\":\"https:\/\/www.tmipal.com\/es-mx\/sistema-interno-de-informacion\/#breadcrumb\",\"itemListElement\":[{\"@type\":\"ListItem\",\"position\":1,\"name\":\"Portada\",\"item\":\"https:\/\/www.tmipal.com\/es-mx\/inicio\/\"},{\"@type\":\"ListItem\",\"position\":2,\"name\":\"Sistema interno de informaci\u00f3n\"}]},{\"@type\":\"WebSite\",\"@id\":\"https:\/\/www.tmipal.com\/es-mx\/#website\",\"url\":\"https:\/\/www.tmipal.com\/es-mx\/\",\"name\":\"L\u00edneas completas de ensacado, paletizado y enfardado -TMI\",\"description\":\"L\u00edneas completas de ensacado, paletizado y enfardado\",\"publisher\":{\"@id\":\"https:\/\/www.tmipal.com\/es-mx\/#organization\"},\"potentialAction\":[{\"@type\":\"SearchAction\",\"target\":{\"@type\":\"EntryPoint\",\"urlTemplate\":\"https:\/\/www.tmipal.com\/es-mx\/?s={search_term_string}\"},\"query-input\":{\"@type\":\"PropertyValueSpecification\",\"valueRequired\":true,\"valueName\":\"search_term_string\"}}],\"inLanguage\":\"es\"},{\"@type\":\"Organization\",\"@id\":\"https:\/\/www.tmipal.com\/es-mx\/#organization\",\"name\":\"TMI\",\"url\":\"https:\/\/www.tmipal.com\/es-mx\/\",\"logo\":{\"@type\":\"ImageObject\",\"inLanguage\":\"es\",\"@id\":\"https:\/\/www.tmipal.com\/es-mx\/#\/schema\/logo\/image\/\",\"url\":\"https:\/\/www.tmipal.com\/wp-content\/uploads\/2024\/10\/logo-TMI-LLEIDA.png\",\"contentUrl\":\"https:\/\/www.tmipal.com\/wp-content\/uploads\/2024\/10\/logo-TMI-LLEIDA.png\",\"width\":200,\"height\":200,\"caption\":\"TMI\"},\"image\":{\"@id\":\"https:\/\/www.tmipal.com\/es-mx\/#\/schema\/logo\/image\/\"}}]}<\/script>\n<!-- \/ Yoast SEO plugin. -->","yoast_head_json":{"title":"Sistema interno de informaci\u00f3n - TMI","robots":{"index":"index","follow":"follow","max-snippet":"max-snippet:-1","max-image-preview":"max-image-preview:large","max-video-preview":"max-video-preview:-1"},"canonical":"https:\/\/www.tmipal.com\/es-mx\/sistema-interno-de-informacion\/","og_locale":"es_MX","og_type":"article","og_title":"Sistema interno de informaci\u00f3n - TMI","og_description":"I.- C\u00d3DIGO \u00c9TICO Y PLAN DE PREVENCI\u00d3N DE DELITOS T\u00c9CNICAS MEC\u00c1NICAS ILERDENSES, S.L.U. (en adelante &#8220;TMI&#8221; o &#8220;la empresa&#8221;) es una sociedad comprometida con el cumplimiento de las normas y principios \u00e9ticos, as\u00ed como de toda legislaci\u00f3n y regulaciones vigentes. La normativa reguladora de la actividad de las personas en general y de las empresas [&hellip;]","og_url":"https:\/\/www.tmipal.com\/es-mx\/sistema-interno-de-informacion\/","og_site_name":"TMI","article_modified_time":"2026-03-31T07:28:21+00:00","twitter_card":"summary_large_image","twitter_misc":{"Tiempo de lectura":"5 minutos"},"schema":{"@context":"https:\/\/schema.org","@graph":[{"@type":"WebPage","@id":"https:\/\/www.tmipal.com\/es-mx\/sistema-interno-de-informacion\/","url":"https:\/\/www.tmipal.com\/es-mx\/sistema-interno-de-informacion\/","name":"Sistema interno de informaci\u00f3n - TMI","isPartOf":{"@id":"https:\/\/www.tmipal.com\/es-mx\/#website"},"datePublished":"2025-11-28T08:27:25+00:00","dateModified":"2026-03-31T07:28:21+00:00","breadcrumb":{"@id":"https:\/\/www.tmipal.com\/es-mx\/sistema-interno-de-informacion\/#breadcrumb"},"inLanguage":"es","potentialAction":[{"@type":"ReadAction","target":["https:\/\/www.tmipal.com\/es-mx\/sistema-interno-de-informacion\/"]}]},{"@type":"BreadcrumbList","@id":"https:\/\/www.tmipal.com\/es-mx\/sistema-interno-de-informacion\/#breadcrumb","itemListElement":[{"@type":"ListItem","position":1,"name":"Portada","item":"https:\/\/www.tmipal.com\/es-mx\/inicio\/"},{"@type":"ListItem","position":2,"name":"Sistema interno de informaci\u00f3n"}]},{"@type":"WebSite","@id":"https:\/\/www.tmipal.com\/es-mx\/#website","url":"https:\/\/www.tmipal.com\/es-mx\/","name":"L\u00edneas completas de ensacado, paletizado y enfardado -TMI","description":"L\u00edneas completas de ensacado, paletizado y enfardado","publisher":{"@id":"https:\/\/www.tmipal.com\/es-mx\/#organization"},"potentialAction":[{"@type":"SearchAction","target":{"@type":"EntryPoint","urlTemplate":"https:\/\/www.tmipal.com\/es-mx\/?s={search_term_string}"},"query-input":{"@type":"PropertyValueSpecification","valueRequired":true,"valueName":"search_term_string"}}],"inLanguage":"es"},{"@type":"Organization","@id":"https:\/\/www.tmipal.com\/es-mx\/#organization","name":"TMI","url":"https:\/\/www.tmipal.com\/es-mx\/","logo":{"@type":"ImageObject","inLanguage":"es","@id":"https:\/\/www.tmipal.com\/es-mx\/#\/schema\/logo\/image\/","url":"https:\/\/www.tmipal.com\/wp-content\/uploads\/2024\/10\/logo-TMI-LLEIDA.png","contentUrl":"https:\/\/www.tmipal.com\/wp-content\/uploads\/2024\/10\/logo-TMI-LLEIDA.png","width":200,"height":200,"caption":"TMI"},"image":{"@id":"https:\/\/www.tmipal.com\/es-mx\/#\/schema\/logo\/image\/"}}]}},"_links":{"self":[{"href":"https:\/\/www.tmipal.com\/es-mx\/wp-json\/wp\/v2\/pages\/13854","targetHints":{"allow":["GET"]}}],"collection":[{"href":"https:\/\/www.tmipal.com\/es-mx\/wp-json\/wp\/v2\/pages"}],"about":[{"href":"https:\/\/www.tmipal.com\/es-mx\/wp-json\/wp\/v2\/types\/page"}],"author":[{"embeddable":true,"href":"https:\/\/www.tmipal.com\/es-mx\/wp-json\/wp\/v2\/users\/1"}],"replies":[{"embeddable":true,"href":"https:\/\/www.tmipal.com\/es-mx\/wp-json\/wp\/v2\/comments?post=13854"}],"version-history":[{"count":2,"href":"https:\/\/www.tmipal.com\/es-mx\/wp-json\/wp\/v2\/pages\/13854\/revisions"}],"predecessor-version":[{"id":17575,"href":"https:\/\/www.tmipal.com\/es-mx\/wp-json\/wp\/v2\/pages\/13854\/revisions\/17575"}],"wp:attachment":[{"href":"https:\/\/www.tmipal.com\/es-mx\/wp-json\/wp\/v2\/media?parent=13854"}],"curies":[{"name":"wp","href":"https:\/\/api.w.org\/{rel}","templated":true}]}}