{"id":5514,"date":"2025-05-09T08:21:58","date_gmt":"2025-05-09T06:21:58","guid":{"rendered":"https:\/\/www.tmipal.com\/aviso-legal\/"},"modified":"2026-03-31T09:06:54","modified_gmt":"2026-03-31T07:06:54","slug":"aviso-legal","status":"publish","type":"page","link":"https:\/\/www.tmipal.com\/es-mx\/aviso-legal\/","title":{"rendered":"Aviso legal"},"content":{"rendered":"\n<p>Bienvenido a la p\u00e1gina web de\u00a0<strong>T\u00c8CNICAS MEC\u00c0NICAS ILERDENSES, S.L.U.<\/strong><\/p>\n\n\n\n<p>A continuaci\u00f3n, le exponemos las condiciones de uso de esta p\u00e1gina WEB. La navegaci\u00f3n por esta p\u00e1gina WEB le otorga el rol de usuario de la misma y, por tanto, acepta las cl\u00e1usulas detalladas en este documento.<\/p>\n\n\n\n<p>IDENTIFICACI\u00d3N<\/p>\n\n\n\n<p>De conformidad con lo que dispone el art\u00edculo 10 de la Ley 34\/2002, de 11 de julio, de Servicios de Sociedad de la Informaci\u00f3n y Comercio Electr\u00f3nico, se informa que https:\/\/www.tmipal.com es un dominio de la empresa T\u00c8CNICAS MEC\u00c0NICAS ILERDENSES, S.L.U. con domicilio social C\/ Alcarr\u00e0s, Parl. 66 Pol. Ind. Els Frares 25190 Lleida y con mail de contacto info@tmipal.com y tel\u00e9fono 34 973 25 70 98.<\/p>\n\n\n\n<p>La sociedad se denomina T\u00c8CNICAS MEC\u00c0NICAS ILERDENSES, S.L.U. con N.I.F. B25451469 que figura inscrita en el Registro Mercantil de Lleida. Tomo 640. Folio 181. Hoja L-12096. Inscripci\u00f3n 1\u00aa. Secci\u00f3n General.<\/p>\n\n\n\n<p>NORMAS DE UTILIZACI\u00d3N<\/p>\n\n\n\n<p>El Usuario se compromete a hacer un uso adecuado y l\u00edcito del Sitio Web as\u00ed como de los contenidos y servicios, de conformidad con la legislaci\u00f3n aplicable en cada momento, la moral y buenas costumbres generalmente aceptadas y el orden p\u00fablico.<\/p>\n\n\n\n<p>Queda prohibido realizar, por su parte, cualquier acci\u00f3n que pueda provocar alteraciones de los contenidos de esta WEB o un mal funcionamiento de la misma, incluyendo la introducci\u00f3n de virus o similares.<\/p>\n\n\n\n<p>PROPIEDAD INTELECTUAL<\/p>\n\n\n\n<p>Las p\u00e1ginas de la WEB y la informaci\u00f3n o los elementos que contiene incluyen textos, documentos, fotograf\u00edas, dibujos, representaciones gr\u00e1ficas, bases de datos, v\u00eddeos y tambi\u00e9n logotipos, marcas, nombres comerciales, u otros signos distintivos, est\u00e1n protegidos por derechos de propiedad intelectual o industrial, de los cuales\u00a0<strong>T\u00c8CNICAS MEC\u00c0NICAS ILERDENSES, S.L.U.<\/strong>\u00a0es titular o licenciataria leg\u00edtima.<\/p>\n\n\n\n<p>Queda prohibida cualquier modalidad de explotaci\u00f3n, incluyendo cualquier tipo de reproducci\u00f3n, distribuci\u00f3n, cesi\u00f3n a terceros, comunicaci\u00f3n p\u00fablica y transformaci\u00f3n, mediante cualquier tipo de apoyo y medio, sin la autorizaci\u00f3n previa y expresa.<\/p>\n\n\n\n<p>RESPONSABILIDAD<\/p>\n\n\n\n<p>Nuestra intenci\u00f3n es la de ofrecer un sitio WEB que ofrezca un funcionamiento continuado y de m\u00e1xima calidad.<\/p>\n\n\n\n<p>De todas formas, le informamos que no podemos garantizar el acceso continuado, y que las p\u00e1ginas se puedan encontrar impedidas, o interrumpidas por factores o circunstancias ajenas a nuestra voluntad.<\/p>\n\n\n\n<p><strong>T\u00c8CNICAS MEC\u00c0NICAS ILERDENSES, S.L.U.<\/strong>\u00a0no es responsable de la informaci\u00f3n y otros contenidos integrados en espacios o p\u00e1ginas web de terceros accesibles mediante enlaces, hiperv\u00ednculos o links.<\/p>\n\n\n\n<p><strong>T\u00c8CNICAS MEC\u00c0NICAS ILERDENSES, S.L.U.<\/strong>\u00a0no se hace responsable de los perjuicios que se pudieran derivar, entre otros, de:<\/p>\n\n\n\n<ul class=\"wp-block-list\">\n<li>Interferencias, interrupciones, fallos, omisiones, aver\u00edas telef\u00f3nicas, retrasos, bloqueos o desconexiones en el funcionamiento del sistema electr\u00f3nico, motivadas por deficiencias, sobrecargas y errores en las l\u00edneas y redes de telecomunicaciones<\/li>\n\n\n\n<li>Intromisiones ileg\u00edtimas mediante el uso de programas malignos de cualquier tipo y a trav\u00e9s de cualquier medio de comunicaci\u00f3n.<\/li>\n\n\n\n<li>Uso indebido o inadecuado del Sitio Web.<\/li>\n\n\n\n<li>Errores producidos por un mal funcionamiento del navegador o por el uso de versiones no actualizadas del mismo.<\/li>\n<\/ul>\n\n\n\n<p>EL usuario, en caso de causar da\u00f1os y perjuicios por un uso il\u00edcito o incorrecto de este sitio WEB, podr\u00e1 ser reclamado de los da\u00f1os o perjuicios causados.<\/p>\n\n\n\n<p>Asimismo, el usuario responder\u00e1 frente a cualquier da\u00f1o y perjuicio, que se derive del uso por su parte de \u201crobots\u201d, \u201cspiders\u201d, \u2026 o herramientas similares empleadas con el fin de recabar o extraer datos o de cualquier otra actuaci\u00f3n por su parte que imponga una carga irrazonable sobre el funcionamiento del Sitio Web.<\/p>\n\n\n\n<p>LEGISLACI\u00d3N<\/p>\n\n\n\n<p>Para la resoluci\u00f3n de cualquier conflicto que pueda surgir con ocasi\u00f3n de la visita a nuestra WEB aconsejamos que se contacte directamente con nosotros a trav\u00e9s de los datos de contacto que ofrecemos exponiendo su caso, con la finalidad de llegar a un acuerdo amistoso entre las dos partes.<\/p>\n\n\n\n<p>En caso contrario, la ley aplicable en caso de disputa o conflicto de interpretaci\u00f3n de los t\u00e9rminos que conforman este aviso legal, as\u00ed como cualquier cuesti\u00f3n relacionada con los servicios y productos del presente portal, ser\u00e1 la ley espa\u00f1ola.<\/p>\n\n\n\n<p>Nuestra empresa y el Usuario acuerdan someterse a los Jueces y Tribunales de domicilio del Usuario, siempre que el mismo est\u00e9 situado en territorio espa\u00f1ol y act\u00fae en condici\u00f3n de consumidor.<\/p>\n","protected":false},"excerpt":{"rendered":"<p>Bienvenido a la p\u00e1gina web de\u00a0T\u00c8CNICAS MEC\u00c0NICAS ILERDENSES, S.L.U. A continuaci\u00f3n, le exponemos las condiciones de uso de esta p\u00e1gina WEB. La navegaci\u00f3n por esta p\u00e1gina WEB le otorga el rol de usuario de la misma y, por tanto, acepta las cl\u00e1usulas detalladas en este documento. IDENTIFICACI\u00d3N De conformidad con lo que dispone el art\u00edculo [&hellip;]<\/p>\n","protected":false},"author":1,"featured_media":0,"parent":0,"menu_order":0,"comment_status":"closed","ping_status":"closed","template":"","meta":{"_acf_changed":false,"_monsterinsights_skip_tracking":false,"_monsterinsights_sitenote_active":false,"_monsterinsights_sitenote_note":"","_monsterinsights_sitenote_category":0,"_uf_show_specific_survey":0,"_uf_disable_surveys":false,"footnotes":""},"class_list":["post-5514","page","type-page","status-publish","hentry"],"acf":[],"yoast_head":"<!-- This site is optimized with the Yoast SEO plugin v26.8 - https:\/\/yoast.com\/product\/yoast-seo-wordpress\/ -->\n<title>Aviso legal - TMI<\/title>\n<meta name=\"robots\" content=\"index, follow, max-snippet:-1, max-image-preview:large, max-video-preview:-1\" \/>\n<link rel=\"canonical\" href=\"https:\/\/www.tmipal.com\/es-mx\/aviso-legal\/\" \/>\n<meta property=\"og:locale\" content=\"es_MX\" \/>\n<meta property=\"og:type\" content=\"article\" \/>\n<meta property=\"og:title\" content=\"Aviso legal - TMI\" \/>\n<meta property=\"og:description\" content=\"Bienvenido a la p\u00e1gina web de\u00a0T\u00c8CNICAS MEC\u00c0NICAS ILERDENSES, S.L.U. A continuaci\u00f3n, le exponemos las condiciones de uso de esta p\u00e1gina WEB. La navegaci\u00f3n por esta p\u00e1gina WEB le otorga el rol de usuario de la misma y, por tanto, acepta las cl\u00e1usulas detalladas en este documento. IDENTIFICACI\u00d3N De conformidad con lo que dispone el art\u00edculo [&hellip;]\" \/>\n<meta property=\"og:url\" content=\"https:\/\/www.tmipal.com\/es-mx\/aviso-legal\/\" \/>\n<meta property=\"og:site_name\" content=\"TMI\" \/>\n<meta property=\"article:modified_time\" content=\"2026-03-31T07:06:54+00:00\" \/>\n<meta name=\"twitter:card\" content=\"summary_large_image\" \/>\n<meta name=\"twitter:label1\" content=\"Tiempo de lectura\" \/>\n\t<meta name=\"twitter:data1\" content=\"4 minutos\" \/>\n<script type=\"application\/ld+json\" class=\"yoast-schema-graph\">{\"@context\":\"https:\/\/schema.org\",\"@graph\":[{\"@type\":\"WebPage\",\"@id\":\"https:\/\/www.tmipal.com\/es-mx\/aviso-legal\/\",\"url\":\"https:\/\/www.tmipal.com\/es-mx\/aviso-legal\/\",\"name\":\"Aviso legal - TMI\",\"isPartOf\":{\"@id\":\"https:\/\/www.tmipal.com\/es-mx\/#website\"},\"datePublished\":\"2025-05-09T06:21:58+00:00\",\"dateModified\":\"2026-03-31T07:06:54+00:00\",\"breadcrumb\":{\"@id\":\"https:\/\/www.tmipal.com\/es-mx\/aviso-legal\/#breadcrumb\"},\"inLanguage\":\"es\",\"potentialAction\":[{\"@type\":\"ReadAction\",\"target\":[\"https:\/\/www.tmipal.com\/es-mx\/aviso-legal\/\"]}]},{\"@type\":\"BreadcrumbList\",\"@id\":\"https:\/\/www.tmipal.com\/es-mx\/aviso-legal\/#breadcrumb\",\"itemListElement\":[{\"@type\":\"ListItem\",\"position\":1,\"name\":\"Portada\",\"item\":\"https:\/\/www.tmipal.com\/es-mx\/inicio\/\"},{\"@type\":\"ListItem\",\"position\":2,\"name\":\"Aviso legal\"}]},{\"@type\":\"WebSite\",\"@id\":\"https:\/\/www.tmipal.com\/es-mx\/#website\",\"url\":\"https:\/\/www.tmipal.com\/es-mx\/\",\"name\":\"L\u00edneas completas de ensacado, paletizado y enfardado -TMI\",\"description\":\"L\u00edneas completas de ensacado, paletizado y enfardado\",\"publisher\":{\"@id\":\"https:\/\/www.tmipal.com\/es-mx\/#organization\"},\"potentialAction\":[{\"@type\":\"SearchAction\",\"target\":{\"@type\":\"EntryPoint\",\"urlTemplate\":\"https:\/\/www.tmipal.com\/es-mx\/?s={search_term_string}\"},\"query-input\":{\"@type\":\"PropertyValueSpecification\",\"valueRequired\":true,\"valueName\":\"search_term_string\"}}],\"inLanguage\":\"es\"},{\"@type\":\"Organization\",\"@id\":\"https:\/\/www.tmipal.com\/es-mx\/#organization\",\"name\":\"TMI\",\"url\":\"https:\/\/www.tmipal.com\/es-mx\/\",\"logo\":{\"@type\":\"ImageObject\",\"inLanguage\":\"es\",\"@id\":\"https:\/\/www.tmipal.com\/es-mx\/#\/schema\/logo\/image\/\",\"url\":\"https:\/\/www.tmipal.com\/wp-content\/uploads\/2024\/10\/logo-TMI-LLEIDA.png\",\"contentUrl\":\"https:\/\/www.tmipal.com\/wp-content\/uploads\/2024\/10\/logo-TMI-LLEIDA.png\",\"width\":200,\"height\":200,\"caption\":\"TMI\"},\"image\":{\"@id\":\"https:\/\/www.tmipal.com\/es-mx\/#\/schema\/logo\/image\/\"}}]}<\/script>\n<!-- \/ Yoast SEO plugin. -->","yoast_head_json":{"title":"Aviso legal - TMI","robots":{"index":"index","follow":"follow","max-snippet":"max-snippet:-1","max-image-preview":"max-image-preview:large","max-video-preview":"max-video-preview:-1"},"canonical":"https:\/\/www.tmipal.com\/es-mx\/aviso-legal\/","og_locale":"es_MX","og_type":"article","og_title":"Aviso legal - TMI","og_description":"Bienvenido a la p\u00e1gina web de\u00a0T\u00c8CNICAS MEC\u00c0NICAS ILERDENSES, S.L.U. A continuaci\u00f3n, le exponemos las condiciones de uso de esta p\u00e1gina WEB. La navegaci\u00f3n por esta p\u00e1gina WEB le otorga el rol de usuario de la misma y, por tanto, acepta las cl\u00e1usulas detalladas en este documento. IDENTIFICACI\u00d3N De conformidad con lo que dispone el art\u00edculo [&hellip;]","og_url":"https:\/\/www.tmipal.com\/es-mx\/aviso-legal\/","og_site_name":"TMI","article_modified_time":"2026-03-31T07:06:54+00:00","twitter_card":"summary_large_image","twitter_misc":{"Tiempo de lectura":"4 minutos"},"schema":{"@context":"https:\/\/schema.org","@graph":[{"@type":"WebPage","@id":"https:\/\/www.tmipal.com\/es-mx\/aviso-legal\/","url":"https:\/\/www.tmipal.com\/es-mx\/aviso-legal\/","name":"Aviso legal - TMI","isPartOf":{"@id":"https:\/\/www.tmipal.com\/es-mx\/#website"},"datePublished":"2025-05-09T06:21:58+00:00","dateModified":"2026-03-31T07:06:54+00:00","breadcrumb":{"@id":"https:\/\/www.tmipal.com\/es-mx\/aviso-legal\/#breadcrumb"},"inLanguage":"es","potentialAction":[{"@type":"ReadAction","target":["https:\/\/www.tmipal.com\/es-mx\/aviso-legal\/"]}]},{"@type":"BreadcrumbList","@id":"https:\/\/www.tmipal.com\/es-mx\/aviso-legal\/#breadcrumb","itemListElement":[{"@type":"ListItem","position":1,"name":"Portada","item":"https:\/\/www.tmipal.com\/es-mx\/inicio\/"},{"@type":"ListItem","position":2,"name":"Aviso legal"}]},{"@type":"WebSite","@id":"https:\/\/www.tmipal.com\/es-mx\/#website","url":"https:\/\/www.tmipal.com\/es-mx\/","name":"L\u00edneas completas de ensacado, paletizado y enfardado -TMI","description":"L\u00edneas completas de ensacado, paletizado y enfardado","publisher":{"@id":"https:\/\/www.tmipal.com\/es-mx\/#organization"},"potentialAction":[{"@type":"SearchAction","target":{"@type":"EntryPoint","urlTemplate":"https:\/\/www.tmipal.com\/es-mx\/?s={search_term_string}"},"query-input":{"@type":"PropertyValueSpecification","valueRequired":true,"valueName":"search_term_string"}}],"inLanguage":"es"},{"@type":"Organization","@id":"https:\/\/www.tmipal.com\/es-mx\/#organization","name":"TMI","url":"https:\/\/www.tmipal.com\/es-mx\/","logo":{"@type":"ImageObject","inLanguage":"es","@id":"https:\/\/www.tmipal.com\/es-mx\/#\/schema\/logo\/image\/","url":"https:\/\/www.tmipal.com\/wp-content\/uploads\/2024\/10\/logo-TMI-LLEIDA.png","contentUrl":"https:\/\/www.tmipal.com\/wp-content\/uploads\/2024\/10\/logo-TMI-LLEIDA.png","width":200,"height":200,"caption":"TMI"},"image":{"@id":"https:\/\/www.tmipal.com\/es-mx\/#\/schema\/logo\/image\/"}}]}},"_links":{"self":[{"href":"https:\/\/www.tmipal.com\/es-mx\/wp-json\/wp\/v2\/pages\/5514","targetHints":{"allow":["GET"]}}],"collection":[{"href":"https:\/\/www.tmipal.com\/es-mx\/wp-json\/wp\/v2\/pages"}],"about":[{"href":"https:\/\/www.tmipal.com\/es-mx\/wp-json\/wp\/v2\/types\/page"}],"author":[{"embeddable":true,"href":"https:\/\/www.tmipal.com\/es-mx\/wp-json\/wp\/v2\/users\/1"}],"replies":[{"embeddable":true,"href":"https:\/\/www.tmipal.com\/es-mx\/wp-json\/wp\/v2\/comments?post=5514"}],"version-history":[{"count":4,"href":"https:\/\/www.tmipal.com\/es-mx\/wp-json\/wp\/v2\/pages\/5514\/revisions"}],"predecessor-version":[{"id":17548,"href":"https:\/\/www.tmipal.com\/es-mx\/wp-json\/wp\/v2\/pages\/5514\/revisions\/17548"}],"wp:attachment":[{"href":"https:\/\/www.tmipal.com\/es-mx\/wp-json\/wp\/v2\/media?parent=5514"}],"curies":[{"name":"wp","href":"https:\/\/api.w.org\/{rel}","templated":true}]}}