{"id":5535,"date":"2025-05-09T08:26:57","date_gmt":"2025-05-09T06:26:57","guid":{"rendered":"https:\/\/www.tmipal.com\/politica-de-privacidad\/"},"modified":"2026-03-31T09:43:04","modified_gmt":"2026-03-31T07:43:04","slug":"politica-de-privacidad","status":"publish","type":"page","link":"https:\/\/www.tmipal.com\/es-mx\/politica-de-privacidad\/","title":{"rendered":"Pol\u00edtica de privacidad"},"content":{"rendered":"\n<p><strong>Alcance de la pol\u00edtica de privacidad<\/strong><\/p>\n\n\n\n<p>Esta pol\u00edtica de protecci\u00f3n de datos de car\u00e1cter personal abarca cualquier tratamiento de datos que pueda producirse al navegar o interaccionar por cualquiera de nuestras p\u00e1ginas web o las redes sociales en las que podamos tener presencia (LinkedIn, Twitter, YouTube, etc.). Al final de este documento se especifica informaci\u00f3n especial en el caso del uso de las redes sociales.<\/p>\n\n\n\n<p>En cualquiera de estos medios, usted puede consultar informaci\u00f3n, y en algunos casos rellenar formularios, contestar encuestas, participar en concursos, realizar consultas, enviar fotograf\u00edas, realizar comentarios, etc.\u2026 y, por lo tanto, proporcionarnos informaci\u00f3n de datos de car\u00e1cter personal. Todos los tratamientos est\u00e1n sujetos a nuestra pol\u00edtica de privacidad.<\/p>\n\n\n\n<p><strong>\u00bfQui\u00e9n es el responsable del Tratamiento de sus datos personales?<\/strong><\/p>\n\n\n\n<p>En cumplimiento de lo establecido en el Reglamento (UE) 2016\/679 del Parlamento Europeo y del Consejo de 27 de abril del 2016 y la Ley Org\u00e1nica 3\/2018, de 5 de diciembre, de Protecci\u00f3n de Datos Personales y garant\u00eda de los derechos digitales, informamos, que los datos de car\u00e1cter personal que nos proporcione ser\u00e1n tratados por T\u00c8CNICAS MEC\u00c0NICAS ILERDENSES, S.L.U. , CIF: B25525957, con domicilio social C\/ Alcarr\u00e0s, Parl. 66 Pol. Ind. Els Frares 25190 Lleida y con mail de contacto&nbsp;<a href=\"mailto:info@tmipal.com\">info@tmipal.com<\/a>&nbsp;y tel\u00e9fono +34 973 25 70 98.<\/p>\n\n\n\n<p><strong>\u00bfQu\u00e9 tratamiento realizamos de sus datos personales?<\/strong><\/p>\n\n\n\n<p>Detallamos, los datos personales que gestiona, as\u00ed como sus finalidades.<\/p>\n\n\n\n<figure class=\"wp-block-table\"><table class=\"has-fixed-layout\"><thead><tr><th><strong>Tratamiento<\/strong><\/th><th><strong>Petici\u00f3n presupuesto<\/strong><\/th><\/tr><\/thead><tbody><tr><td><strong>Finalidad<\/strong><\/td><td>Gesti\u00f3n de los datos de los clientes potenciales que nos piden un presupuesto<\/td><\/tr><tr><td><strong>Categor\u00edas de datos<\/strong><\/td><td>Clientes potenciales<\/td><\/tr><tr><td><strong>Datos<\/strong><\/td><td>Datos identificativos: Nombre y apellidos, direcci\u00f3n, tel\u00e9fono, mail<\/td><\/tr><tr><td><strong>Legitimaci\u00f3n<\/strong><\/td><td>Inter\u00e9s leg\u00edtimo<\/td><\/tr><tr><td><strong>Procedencia<\/strong><\/td><td>Del propio interesado<\/td><\/tr><tr><td><strong>Destinatarios<\/strong><\/td><td>No hay comunicaciones de los datos<\/td><\/tr><tr><td><strong>Conservaci\u00f3n<\/strong><\/td><td>Mientras no ejerza su derecho de supresi\u00f3n<\/td><\/tr><tr><td><strong>Transferencias internacionales<\/strong><\/td><td>No existen transferencias internacionales de datos.<\/td><\/tr><\/tbody><\/table><\/figure>\n\n\n\n<figure class=\"wp-block-table\"><table class=\"has-fixed-layout\"><thead><tr><th><strong>Tratamiento<\/strong><\/th><th><strong>Talent people<\/strong><\/th><\/tr><\/thead><tbody><tr><td><strong>Finalidad<\/strong><\/td><td>Gesti\u00f3n de los datos de aspirantes a ocupar un puesto de trabajo en la empresa.<\/td><\/tr><tr><td><strong>Categor\u00edas de datos<\/strong><\/td><td>Personas que optan a un puesto de trabajo<\/td><\/tr><tr><td><strong>Datos<\/strong><\/td><td>Datos identificativos: Nombre y apellidos, DNI, direcci\u00f3n, tel\u00e9fono, mail<br>Datos personales, datos sociales y de ocupaci\u00f3n<\/td><\/tr><tr><td><strong>Legitimaci\u00f3n<\/strong><\/td><td>Inter\u00e9s leg\u00edtimo y consentimiento<\/td><\/tr><tr><td><strong>Procedencia<\/strong><\/td><td>Del propio interesado<\/td><\/tr><tr><td><strong>Destinatarios<\/strong><\/td><td>Plataformas on-line especializadas en la gesti\u00f3n de ofertas de empleo, en las cuales se han publicado anuncios de captaci\u00f3n de personal.<\/td><\/tr><tr><td><strong>Conservaci\u00f3n<\/strong><\/td><td>Mientras no se ejerza el derecho de supresi\u00f3n<\/td><\/tr><tr><td><strong>Transferencias internacionales<\/strong><\/td><td>No existen transferencias internacionales de datos.<\/td><\/tr><\/tbody><\/table><\/figure>\n\n\n\n<figure class=\"wp-block-table\"><table class=\"has-fixed-layout\"><thead><tr><th><strong>Tratamiento<\/strong><\/th><th><strong>Informaci\u00f3n comercial<\/strong><\/th><\/tr><\/thead><tbody><tr><td><strong>Finalidad<\/strong><\/td><td>Env\u00edo de informaci\u00f3n sobre productos y\/o servicios de la empresa<\/td><\/tr><tr><td><strong>Categor\u00edas de datos<\/strong><\/td><td>Personas que solicitan informaci\u00f3n<\/td><\/tr><tr><td><strong>Datos<\/strong><\/td><td>Nombre, apellidos, empresa, mail, tel\u00e9fono<\/td><\/tr><tr><td><strong>Legitimaci\u00f3n<\/strong><\/td><td>Consentimiento<\/td><\/tr><tr><td><strong>Procedencia<\/strong><\/td><td>Del propio interesado<\/td><\/tr><tr><td><strong>Destinatarios<\/strong><\/td><td>No hay comunicaciones de los datos.<\/td><\/tr><tr><td><strong>Conservaci\u00f3n<\/strong><\/td><td>Hasta que se ejerza el derecho de oposici\u00f3n y\/o supresi\u00f3n<\/td><\/tr><tr><td><strong>Transferencias internacionales<\/strong><\/td><td>No existen transferencias internacionales de datos.<\/td><\/tr><\/tbody><\/table><\/figure>\n\n\n\n<figure class=\"wp-block-table\"><table class=\"has-fixed-layout\"><thead><tr><th><strong>Tratamiento<\/strong><\/th><th><strong>Informaci\u00f3n<\/strong><\/th><\/tr><\/thead><tbody><tr><td><strong>Finalidad<\/strong><\/td><td>Responder las peticiones de informaci\u00f3n que se reciben a trav\u00e9s de la web<\/td><\/tr><tr><td><strong>Categor\u00edas de datos<\/strong><\/td><td>Personas que solicitan informaci\u00f3n<\/td><\/tr><tr><td><strong>Datos<\/strong><\/td><td>Nombre, apellidos, empresa, mail, tel\u00e9fono<\/td><\/tr><tr><td><strong>Legitimaci\u00f3n<\/strong><\/td><td>Inter\u00e9s leg\u00edtimo<\/td><\/tr><tr><td><strong>Procedencia<\/strong><\/td><td>Del propio interesado<\/td><\/tr><tr><td><strong>Destinatarios<\/strong><\/td><td>No hay comunicaciones de los datos.<\/td><\/tr><tr><td><strong>Conservaci\u00f3n<\/strong><\/td><td>Hasta que se ejerza el derecho de oposici\u00f3n y\/o supresi\u00f3n<\/td><\/tr><tr><td><strong>Transferencias internacionales<\/strong><\/td><td>No existen transferencias internacionales de datos.<\/td><\/tr><\/tbody><\/table><\/figure>\n\n\n\n<p>Su consentimiento puede ser revocado en cualquier momento.<\/p>\n\n\n\n<p>T\u00c8CNICAS MEC\u00c0NICAS ILERDENSES, S.L.U. utiliza herramientas para analizar perfiles, comportamientos o preferencias de los usuarios y posteriormente realizar campa\u00f1as dirigidas en funci\u00f3n de estos datos.<\/p>\n\n\n\n<p><strong>\u00bfPor qu\u00e9 raz\u00f3n utilizamos sus datos personales?<\/strong><\/p>\n\n\n\n<p>A continuaci\u00f3n, le explicamos la base legal que nos permite tratar sus datos personales.<\/p>\n\n\n\n<ol class=\"wp-block-list\">\n<li>En cumplimiento de una relaci\u00f3n contractual<\/li>\n\n\n\n<li>Cuando nos da su consentimiento.<\/li>\n\n\n\n<li>Por inter\u00e9s leg\u00edtimo de T\u00c8CNICAS MEC\u00c0NICAS ILERDENSES, S.L.U. para mostrarle servicios, productos e iniciativas que puedan interesarle<\/li>\n\n\n\n<li>Cumplimiento de obligaciones impuestas por Ley.<\/li>\n<\/ol>\n\n\n\n<p>Les recordamos que puede revocar su consentimiento en cualquier momento en la siguiente direcci\u00f3n:&nbsp;<a href=\"mailto:info@tmipal.com\">info@tmipal.com<\/a>.<\/p>\n\n\n\n<p><strong>Publicaciones de fotos o videos en la p\u00e1gina web o en las redes sociales<\/strong><\/p>\n\n\n\n<p>Para la publicaci\u00f3n de fotograf\u00edas o videos de nuestros trabajadores, clientes, usuarios o menores en la web o redes sociales, al igual que para recopilar datos para realizar un concurso o tratar cualquier otro dato personal, previamente obtenemos el consentimiento previo, expl\u00edcito, indiscutible e informado del titular que, en el caso de los menores de 14 a\u00f1os, se otorga por los padres o tutores legales.<\/p>\n\n\n\n<p>El tratamiento de estas fotos, acata el principio de proporcionalidad, es decir, solo se tratan estrictamente para la finalidad para la que se ha prestado el consentimiento.<\/p>\n\n\n\n<p><strong>Datos no pertinentes<\/strong><\/p>\n\n\n\n<p>T\u00c8CNICAS MEC\u00c0NICAS ILERDENSES, S.L.U. advierte al usuario de que, salvo la existencia de una representaci\u00f3n legalmente constituida, ning\u00fan usuario puede utilizar la identidad de otra persona y comunicar sus datos personales, por lo que el usuario en todo momento deber\u00e1 tener en cuenta que solo puede proporcionar datos personales correspondientes a su propia identidad y que sean adecuados, pertinentes, actuales, exactos y verdaderos.<\/p>\n\n\n\n<p><strong>Medidas de seguridad<\/strong><\/p>\n\n\n\n<p>T\u00c8CNICAS MEC\u00c0NICAS ILERDENSES, S.L.U. asegura la absoluta confidencialidad y privacidad de los datos personales recogidos y por ello se han adoptado medidas esenciales de seguridad para evitar la alteraci\u00f3n, p\u00e9rdida, tratamiento o acceso no autorizado y garantizar as\u00ed su integridad y seguridad.<\/p>\n\n\n\n<p>El Usuario se compromete a hacer un uso diligente y a no poner a la disposici\u00f3n de terceros su nombre de usuario y contrase\u00f1a, as\u00ed mismo se compromete a llevar a disposici\u00f3n de la empresa cualquier, robo, p\u00e9rdida o riesgo de acceso de terceros a su usuario.<\/p>\n\n\n\n<p><strong>\u00bfCu\u00e1les son sus derechos cuando nos facilita sus datos personales?<\/strong><\/p>\n\n\n\n<figure class=\"wp-block-table\"><table class=\"has-fixed-layout\"><thead><tr><th><strong>Derecho<\/strong><\/th><th><strong>Contenido<\/strong><\/th><th><strong>Canal de atenci\u00f3n<\/strong><\/th><\/tr><\/thead><tbody><tr><td><strong>Acceso<\/strong><\/td><td>Podr\u00e1 consultar los datos personales gestionados por T\u00c8CNICAS MEC\u00c0NICAS ILERDENSES, S.L.U.<\/td><td rowspan=\"6\"><a href=\"mailto:info@tmipal.com\">info@tmipal.com<\/a><\/td><\/tr><tr><td><strong>Rectificaci\u00f3n<\/strong><\/td><td>Podr\u00e1 modificar sus datos personales cuando sean inexactos.<\/td><\/tr><tr><td><strong>Supresi\u00f3n<\/strong><\/td><td>Podr\u00e1 solicitar la eliminaci\u00f3n de sus datos personales.<\/td><\/tr><tr><td><strong>Oposici\u00f3n<\/strong><\/td><td>Podr\u00e1 solicitar que no se traten sus datos personales.<\/td><\/tr><tr><td><strong>Limitaci\u00f3n del tratamiento<\/strong><\/td><td>Podr\u00e1s solicitar la limitaci\u00f3n al tratamiento de tus datos en los siguientes casos: Mientras se comprueba la impugnaci\u00f3n de la exactitud de tus datos Cuando T\u00c8CNICAS MEC\u00c0NICAS ILERDENSES, S.L.U. no necesite tratar sus datos, pero usted los necesites para el ejercicio o defensa de reclamaciones.<\/td><\/tr><tr><td><strong>Portabilidad<\/strong><\/td><td>Podr\u00e1 recibir en formato electr\u00f3nico los datos que nos haya facilitado en formato electr\u00f3nico<\/td><\/tr><tr><td colspan=\"3\">Si considera que no hemos tratado sus datos personales de acuerdo con la normativa puedes contactar con el Delegado de Protecci\u00f3n de Datos en la direcci\u00f3n&nbsp;<a href=\"mailto:info@tmipal.com\">info@tmipal.com<\/a>No obstante, podr\u00e1 presentar una reclamaci\u00f3n ante la Agencia Espa\u00f1ola de Protecci\u00f3n de Datos (<a href=\"http:\/\/www.agpd.es\/\" target=\"_blank\" rel=\"noreferrer noopener\">www.agpd.es<\/a>).<\/td><\/tr><tr><td colspan=\"3\">Para ejercitar sus derechos, acompa\u00f1e su solicitud una copia de su DNI o documento acreditativo de tu identidad.<\/td><\/tr><tr><td colspan=\"3\">El ejercicio de sus derechos es gratuito<\/td><\/tr><\/tbody><\/table><\/figure>\n\n\n\n<p><strong>Redes sociales<\/strong><\/p>\n\n\n\n<p>El funcionamiento de las redes sociales no est\u00e1 bajo el control de T\u00c8CNICAS MEC\u00c0NICAS ILERDENSES, S.L.U. , y por lo tanto la informaci\u00f3n que publique ser\u00e1 compartida por todos los usuarios que las consulten. As\u00ed mismo, estas redes permiten la interacci\u00f3n con otros usuarios, y, por lo tanto, a continuaci\u00f3n, se detallan unas premisas que debe tener en cuenta.<\/p>\n\n\n\n<p>El objeto de la utilizaci\u00f3n de las redes sociales es dar visibilidad y difusi\u00f3n de los productos que desarrolla T\u00c8CNICAS MEC\u00c0NICAS ILERDENSES, S.L.U.<\/p>\n\n\n\n<p>En principio, se aplica la misma pol\u00edtica de protecci\u00f3n de datos especificada en este documento, en cuanto a la recogida, tratamiento y cesi\u00f3n de datos.<\/p>\n\n\n\n<p>El usuario debe comprometerse a:<\/p>\n\n\n\n<ul class=\"wp-block-list\">\n<li>No publicar informaciones que no respondan a los requisitos de veracidad, inter\u00e9s p\u00fablico y respeto a la dignidad de las personas. En especial, el usuario tendr\u00e1 que evitar toda conducta que pueda atentar contra el principio de no discriminaci\u00f3n por razones de sexo, raza, religi\u00f3n, ideolog\u00eda o cualquier otro circunstancia personal o social, y contra la intimidad, el honor y la propia imagen, siendo el responsable final sobre la veracidad y legalidad de los contenidos que publique<\/li>\n\n\n\n<li>No grabar ni publicar im\u00e1genes, v\u00eddeos o cualquier otro tipo de registro sin el consentimiento de los afectados<\/li>\n<\/ul>\n\n\n\n<p>T\u00c8CNICAS MEC\u00c0NICAS ILERDENSES, S.L.U. no se identifica con las opiniones expresadas por otros ni con la ideolog\u00eda de los perfiles con los que tenga amistad en ninguna red social.<\/p>\n\n\n\n<p>T\u00c8CNICAS MEC\u00c0NICAS ILERDENSES, S.L.U. se reserva el derecho de eliminar de sus redes sociales cualquier informaci\u00f3n publicada por otros que vulnere la legalidad, incite a hacerlo, o contenga mensajes que atenten contra la dignidad de personas o instituciones. As\u00ed como de bloquear o denunciar el perfil autor de estos mensajes.<\/p>\n\n\n\n<p>Recomendaciones a los usuarios\/las usuarias:<\/p>\n\n\n\n<ul class=\"wp-block-list\">\n<li>Revise y lea las condiciones generales de uso y la pol\u00edtica de privacidad de la red social en el momento de registrarse.<\/li>\n\n\n\n<li>Aprenda las posibilidades de configuraci\u00f3n y uso que la red ofrezca.<\/li>\n\n\n\n<li>Configure adecuadamente el grado de privacidad del perfil de usuario en la red social.<\/li>\n\n\n\n<li>No publique informaci\u00f3n excesiva sobre su vida personal y familiar.<\/li>\n\n\n\n<li>Tenga cuidado con la publicaci\u00f3n de contenidos audiovisuales y gr\u00e1ficos en su perfil, especialmente si se alojar\u00e1n im\u00e1genes relativas a terceras personas.<\/li>\n\n\n\n<li>No ofrezca datos de terceros sin el previo consentimiento de \u00e9stos.<\/li>\n<\/ul>\n\n\n\n<p>Las redes sociales gestionadas por T\u00c8CNICAS MEC\u00c0NICAS ILERDENSES, S.L.U. son:<\/p>\n\n\n\n<figure class=\"wp-block-table\"><table class=\"has-fixed-layout\"><thead><tr><th><strong>Red<\/strong><\/th><th><strong>Direcci\u00f3n<\/strong><\/th><\/tr><\/thead><tbody><tr><td><strong>YouTube<\/strong><\/td><td><a href=\"https:\/\/www.youtube.com\/channel\/UCZN51i1llUe2Dwh8O2ceXsQ\" target=\"_blank\" rel=\"noreferrer noopener\">https:\/\/www.youtube.com\/channel\/UCZN51i1llUe2Dwh8O2ceXsQ<\/a><\/td><\/tr><tr><td><strong>LinkedIn<\/strong><\/td><td><a href=\"https:\/\/www.linkedin.com\/company\/tmi_bagging&amp;palletizing\" target=\"_blank\" rel=\"noreferrer noopener\">https:\/\/www.linkedin.com\/company\/tmi_bagging&amp;palletizing<\/a><\/td><\/tr><\/tbody><\/table><\/figure>\n\n\n\n<p><\/p>\n","protected":false},"excerpt":{"rendered":"<p>Alcance de la pol\u00edtica de privacidad Esta pol\u00edtica de protecci\u00f3n de datos de car\u00e1cter personal abarca cualquier tratamiento de datos que pueda producirse al navegar o interaccionar por cualquiera de nuestras p\u00e1ginas web o las redes sociales en las que podamos tener presencia (LinkedIn, Twitter, YouTube, etc.). Al final de este documento se especifica informaci\u00f3n [&hellip;]<\/p>\n","protected":false},"author":1,"featured_media":0,"parent":0,"menu_order":0,"comment_status":"closed","ping_status":"closed","template":"","meta":{"_acf_changed":false,"_monsterinsights_skip_tracking":false,"_monsterinsights_sitenote_active":false,"_monsterinsights_sitenote_note":"","_monsterinsights_sitenote_category":0,"_uf_show_specific_survey":0,"_uf_disable_surveys":false,"footnotes":""},"class_list":["post-5535","page","type-page","status-publish","hentry"],"acf":[],"yoast_head":"<!-- This site is optimized with the Yoast SEO plugin v26.8 - https:\/\/yoast.com\/product\/yoast-seo-wordpress\/ -->\n<title>Pol\u00edtica de privacidad - TMI<\/title>\n<meta name=\"robots\" content=\"index, follow, max-snippet:-1, max-image-preview:large, max-video-preview:-1\" \/>\n<link rel=\"canonical\" href=\"https:\/\/www.tmipal.com\/es-mx\/politica-de-privacidad\/\" \/>\n<meta property=\"og:locale\" content=\"es_MX\" \/>\n<meta property=\"og:type\" content=\"article\" \/>\n<meta property=\"og:title\" content=\"Pol\u00edtica de privacidad - TMI\" \/>\n<meta property=\"og:description\" content=\"Alcance de la pol\u00edtica de privacidad Esta pol\u00edtica de protecci\u00f3n de datos de car\u00e1cter personal abarca cualquier tratamiento de datos que pueda producirse al navegar o interaccionar por cualquiera de nuestras p\u00e1ginas web o las redes sociales en las que podamos tener presencia (LinkedIn, Twitter, YouTube, etc.). Al final de este documento se especifica informaci\u00f3n [&hellip;]\" \/>\n<meta property=\"og:url\" content=\"https:\/\/www.tmipal.com\/es-mx\/politica-de-privacidad\/\" \/>\n<meta property=\"og:site_name\" content=\"TMI\" \/>\n<meta property=\"article:modified_time\" content=\"2026-03-31T07:43:04+00:00\" \/>\n<meta name=\"twitter:card\" content=\"summary_large_image\" \/>\n<meta name=\"twitter:label1\" content=\"Tiempo de lectura\" \/>\n\t<meta name=\"twitter:data1\" content=\"8 minutos\" \/>\n<script type=\"application\/ld+json\" class=\"yoast-schema-graph\">{\"@context\":\"https:\/\/schema.org\",\"@graph\":[{\"@type\":\"WebPage\",\"@id\":\"https:\/\/www.tmipal.com\/es-mx\/politica-de-privacidad\/\",\"url\":\"https:\/\/www.tmipal.com\/es-mx\/politica-de-privacidad\/\",\"name\":\"Pol\u00edtica de privacidad - TMI\",\"isPartOf\":{\"@id\":\"https:\/\/www.tmipal.com\/es-mx\/#website\"},\"datePublished\":\"2025-05-09T06:26:57+00:00\",\"dateModified\":\"2026-03-31T07:43:04+00:00\",\"breadcrumb\":{\"@id\":\"https:\/\/www.tmipal.com\/es-mx\/politica-de-privacidad\/#breadcrumb\"},\"inLanguage\":\"es\",\"potentialAction\":[{\"@type\":\"ReadAction\",\"target\":[\"https:\/\/www.tmipal.com\/es-mx\/politica-de-privacidad\/\"]}]},{\"@type\":\"BreadcrumbList\",\"@id\":\"https:\/\/www.tmipal.com\/es-mx\/politica-de-privacidad\/#breadcrumb\",\"itemListElement\":[{\"@type\":\"ListItem\",\"position\":1,\"name\":\"Portada\",\"item\":\"https:\/\/www.tmipal.com\/es-mx\/inicio\/\"},{\"@type\":\"ListItem\",\"position\":2,\"name\":\"Pol\u00edtica de privacidad\"}]},{\"@type\":\"WebSite\",\"@id\":\"https:\/\/www.tmipal.com\/es-mx\/#website\",\"url\":\"https:\/\/www.tmipal.com\/es-mx\/\",\"name\":\"L\u00edneas completas de ensacado, paletizado y enfardado -TMI\",\"description\":\"L\u00edneas completas de ensacado, paletizado y enfardado\",\"publisher\":{\"@id\":\"https:\/\/www.tmipal.com\/es-mx\/#organization\"},\"potentialAction\":[{\"@type\":\"SearchAction\",\"target\":{\"@type\":\"EntryPoint\",\"urlTemplate\":\"https:\/\/www.tmipal.com\/es-mx\/?s={search_term_string}\"},\"query-input\":{\"@type\":\"PropertyValueSpecification\",\"valueRequired\":true,\"valueName\":\"search_term_string\"}}],\"inLanguage\":\"es\"},{\"@type\":\"Organization\",\"@id\":\"https:\/\/www.tmipal.com\/es-mx\/#organization\",\"name\":\"TMI\",\"url\":\"https:\/\/www.tmipal.com\/es-mx\/\",\"logo\":{\"@type\":\"ImageObject\",\"inLanguage\":\"es\",\"@id\":\"https:\/\/www.tmipal.com\/es-mx\/#\/schema\/logo\/image\/\",\"url\":\"https:\/\/www.tmipal.com\/wp-content\/uploads\/2024\/10\/logo-TMI-LLEIDA.png\",\"contentUrl\":\"https:\/\/www.tmipal.com\/wp-content\/uploads\/2024\/10\/logo-TMI-LLEIDA.png\",\"width\":200,\"height\":200,\"caption\":\"TMI\"},\"image\":{\"@id\":\"https:\/\/www.tmipal.com\/es-mx\/#\/schema\/logo\/image\/\"}}]}<\/script>\n<!-- \/ Yoast SEO plugin. -->","yoast_head_json":{"title":"Pol\u00edtica de privacidad - TMI","robots":{"index":"index","follow":"follow","max-snippet":"max-snippet:-1","max-image-preview":"max-image-preview:large","max-video-preview":"max-video-preview:-1"},"canonical":"https:\/\/www.tmipal.com\/es-mx\/politica-de-privacidad\/","og_locale":"es_MX","og_type":"article","og_title":"Pol\u00edtica de privacidad - TMI","og_description":"Alcance de la pol\u00edtica de privacidad Esta pol\u00edtica de protecci\u00f3n de datos de car\u00e1cter personal abarca cualquier tratamiento de datos que pueda producirse al navegar o interaccionar por cualquiera de nuestras p\u00e1ginas web o las redes sociales en las que podamos tener presencia (LinkedIn, Twitter, YouTube, etc.). Al final de este documento se especifica informaci\u00f3n [&hellip;]","og_url":"https:\/\/www.tmipal.com\/es-mx\/politica-de-privacidad\/","og_site_name":"TMI","article_modified_time":"2026-03-31T07:43:04+00:00","twitter_card":"summary_large_image","twitter_misc":{"Tiempo de lectura":"8 minutos"},"schema":{"@context":"https:\/\/schema.org","@graph":[{"@type":"WebPage","@id":"https:\/\/www.tmipal.com\/es-mx\/politica-de-privacidad\/","url":"https:\/\/www.tmipal.com\/es-mx\/politica-de-privacidad\/","name":"Pol\u00edtica de privacidad - TMI","isPartOf":{"@id":"https:\/\/www.tmipal.com\/es-mx\/#website"},"datePublished":"2025-05-09T06:26:57+00:00","dateModified":"2026-03-31T07:43:04+00:00","breadcrumb":{"@id":"https:\/\/www.tmipal.com\/es-mx\/politica-de-privacidad\/#breadcrumb"},"inLanguage":"es","potentialAction":[{"@type":"ReadAction","target":["https:\/\/www.tmipal.com\/es-mx\/politica-de-privacidad\/"]}]},{"@type":"BreadcrumbList","@id":"https:\/\/www.tmipal.com\/es-mx\/politica-de-privacidad\/#breadcrumb","itemListElement":[{"@type":"ListItem","position":1,"name":"Portada","item":"https:\/\/www.tmipal.com\/es-mx\/inicio\/"},{"@type":"ListItem","position":2,"name":"Pol\u00edtica de privacidad"}]},{"@type":"WebSite","@id":"https:\/\/www.tmipal.com\/es-mx\/#website","url":"https:\/\/www.tmipal.com\/es-mx\/","name":"L\u00edneas completas de ensacado, paletizado y enfardado -TMI","description":"L\u00edneas completas de ensacado, paletizado y enfardado","publisher":{"@id":"https:\/\/www.tmipal.com\/es-mx\/#organization"},"potentialAction":[{"@type":"SearchAction","target":{"@type":"EntryPoint","urlTemplate":"https:\/\/www.tmipal.com\/es-mx\/?s={search_term_string}"},"query-input":{"@type":"PropertyValueSpecification","valueRequired":true,"valueName":"search_term_string"}}],"inLanguage":"es"},{"@type":"Organization","@id":"https:\/\/www.tmipal.com\/es-mx\/#organization","name":"TMI","url":"https:\/\/www.tmipal.com\/es-mx\/","logo":{"@type":"ImageObject","inLanguage":"es","@id":"https:\/\/www.tmipal.com\/es-mx\/#\/schema\/logo\/image\/","url":"https:\/\/www.tmipal.com\/wp-content\/uploads\/2024\/10\/logo-TMI-LLEIDA.png","contentUrl":"https:\/\/www.tmipal.com\/wp-content\/uploads\/2024\/10\/logo-TMI-LLEIDA.png","width":200,"height":200,"caption":"TMI"},"image":{"@id":"https:\/\/www.tmipal.com\/es-mx\/#\/schema\/logo\/image\/"}}]}},"_links":{"self":[{"href":"https:\/\/www.tmipal.com\/es-mx\/wp-json\/wp\/v2\/pages\/5535","targetHints":{"allow":["GET"]}}],"collection":[{"href":"https:\/\/www.tmipal.com\/es-mx\/wp-json\/wp\/v2\/pages"}],"about":[{"href":"https:\/\/www.tmipal.com\/es-mx\/wp-json\/wp\/v2\/types\/page"}],"author":[{"embeddable":true,"href":"https:\/\/www.tmipal.com\/es-mx\/wp-json\/wp\/v2\/users\/1"}],"replies":[{"embeddable":true,"href":"https:\/\/www.tmipal.com\/es-mx\/wp-json\/wp\/v2\/comments?post=5535"}],"version-history":[{"count":3,"href":"https:\/\/www.tmipal.com\/es-mx\/wp-json\/wp\/v2\/pages\/5535\/revisions"}],"predecessor-version":[{"id":17590,"href":"https:\/\/www.tmipal.com\/es-mx\/wp-json\/wp\/v2\/pages\/5535\/revisions\/17590"}],"wp:attachment":[{"href":"https:\/\/www.tmipal.com\/es-mx\/wp-json\/wp\/v2\/media?parent=5535"}],"curies":[{"name":"wp","href":"https:\/\/api.w.org\/{rel}","templated":true}]}}