{"id":13030,"date":"2025-11-28T10:27:25","date_gmt":"2025-11-28T08:27:25","guid":{"rendered":"https:\/\/www.tmipal.com\/test\/systeme-interne-dinformation\/"},"modified":"2026-03-31T09:25:55","modified_gmt":"2026-03-31T07:25:55","slug":"systeme-interne-dinformation","status":"publish","type":"page","link":"https:\/\/www.tmipal.com\/fr\/systeme-interne-d-information\/","title":{"rendered":"Syst\u00e8me interne d\u2019information"},"content":{"rendered":"\n<h2 class=\"wp-block-heading has-medium-font-size\">I.- CODE \u00c9THIQUE ET PLAN DE PR\u00c9VENTION DES INFRACTIONS<\/h2>\n\n\n\n<p>T\u00c9CNICAS MEC\u00c1NICAS ILERDENSES, S.L.U (ci-apr\u00e8s \u00ab TMI \u00bb ou \u00ab l&#8217;entreprise \u00bb) est une soci\u00e9t\u00e9 qui s&#8217;engage \u00e0 respecter les normes et principes \u00e9thiques, ainsi que toutes les lois et r\u00e9glementations en vigueur. La r\u00e9glementation r\u00e9gissant l&#8217;activit\u00e9 des personnes en g\u00e9n\u00e9ral et des entreprises en particulier \u00e9volue constamment et devient chaque jour plus complexe. L&#8217;environnement de l&#8217;entreprise, comme le reste de la soci\u00e9t\u00e9, est un environnement dans lequel, malheureusement, des comportements qualifi\u00e9s de d\u00e9lit par la loi peuvent se produire, volontairement ou involontairement. Dans le cadre de la responsabilit\u00e9 sociale qui caract\u00e9rise l&#8217;entreprise et dans le but de pr\u00e9venir et, dans la mesure du possible, d&#8217;\u00e9viter la commission d&#8217;actes d\u00e9lictueux au sein de TMI, la soci\u00e9t\u00e9 a d\u00e9velopp\u00e9 et mis en place un programme interne de pr\u00e9vention des d\u00e9lits. C&#8217;est dans ce contexte que TMI a approuv\u00e9 un code de conduite ou code \u00e9thique, qui recueille et pr\u00e9cise les principes d&#8217;entreprise qui doivent r\u00e9gir l&#8217;activit\u00e9 de l&#8217;entreprise et de ses membres et qui implique l&#8217;\u00e9tablissement de certaines r\u00e8gles de comportement non n\u00e9gociables.<\/p>\n\n\n\n<p>Liste des principes d&#8217;entreprise de TMI :<\/p>\n\n\n\n<p>\u00a4 Respect de la l\u00e9galit\u00e9. Respect des lois, des normes et des protocoles internes d&#8217;action.<br data-start=\"1474\" data-end=\"1477\">\u00a4 Respect et int\u00e9grit\u00e9 des personnes, s\u00e9curit\u00e9 et sant\u00e9 au travail<br data-start=\"1543\" data-end=\"1546\">\u00a4 Engagement contre les comportements de corruption et de pots-de-vin.<br data-start=\"1616\" data-end=\"1619\" data-is-only-node=\"\">\u00a4 Engagement de l&#8217;entreprise dans la lutte contre le blanchiment d&#8217;argent et la pr\u00e9vention de la fraude.<br data-start=\"1723\" data-end=\"1726\">\u00a4 Engagement relatif au respect des obligations fiscales, sociales et celles li\u00e9es \u00e0 l&#8217;obtention et \u00e0 l&#8217;utilisation d&#8217;aides ou de subventions publiques<br data-start=\"1877\" data-end=\"1880\">\u00a4 Protection des informations confidentielles de la soci\u00e9t\u00e9, des employ\u00e9s et des tiers.<br data-start=\"1967\" data-end=\"1970\">\u00a4 Respect des droits de propri\u00e9t\u00e9 intellectuelle et industrielle.<br data-start=\"2035\" data-end=\"2038\">\u00a4 Engagement \u00e0 respecter les normes de protection de l&#8217;environnement et d&#8217;utilisation efficace des ressources<br data-start=\"2147\" data-end=\"2150\">\u00a4 Engagement en faveur de la qualit\u00e9.<br data-start=\"2187\" data-end=\"2190\">\u00a4 Interdiction des situations de conflit d&#8217;int\u00e9r\u00eats.<\/p>\n\n\n\n<h2 class=\"wp-block-heading has-medium-font-size\">II.- SYST\u00c8ME D&#8217;INFORMATION INTERNE<\/h2>\n\n\n\n<p>Conform\u00e9ment \u00e0 la loi 2\/2023 du 20 f\u00e9vrier r\u00e9glementant la protection des personnes qui signalent des infractions r\u00e9glementaires et luttant contre la corruption, T\u00c9CNICAS MEC\u00c1NICAS ILERDENSES, SLU (TMI) d\u00e9clare disposer d&#8217;un syst\u00e8me d&#8217;information interne, dont l&#8217;organe administratif est responsable du traitement des donn\u00e9es \u00e0 caract\u00e8re personnel conform\u00e9ment aux dispositions de la l\u00e9gislation en vigueur dans ce domaine. Afin de renforcer la culture de l&#8217;information et les infrastructures de dignit\u00e9 de TMI, et de promouvoir la culture de la communication comme m\u00e9canisme de pr\u00e9vention des activit\u00e9s ou omissions pouvant constituer des infractions p\u00e9nales, administratives graves ou tr\u00e8s graves ou des infractions au travail en mati\u00e8re de sant\u00e9 et de s\u00e9curit\u00e9, l&#8217;entreprise a nomm\u00e9 la personne responsable de la conformit\u00e9 p\u00e9nale (RCP) comme personne responsable du syst\u00e8me d&#8217;information interne (RSII) et a mis en place, par divers moyens, un canal \u00e9thique (le cas \u00e9ch\u00e9ant, un canal d&#8217;information interne) pour pouvoir contacter :<\/p>\n\n\n\n<ul class=\"wp-block-list\">\n<li>\u00c0 l&#8217;adresse \u00e9lectronique : canaletic@tmipal.com<\/li>\n\n\n\n<li>\u00c0 l&#8217;adresse postale : Calle Alcarr\u00e0s, 66, P.I. Camino de los Frailes, 25190 Lleida (\u00e0 l&#8217;attention du responsable de la conformit\u00e9 p\u00e9nale et du syst\u00e8me d&#8217;information interne)<\/li>\n\n\n\n<li>Par courrier remis au responsable de la conformit\u00e9 p\u00e9nale et du syst\u00e8me d&#8217;information interne. \u00c0 la demande du d\u00e9nonciateur, la communication peut \u00e9galement \u00eatre pr\u00e9sent\u00e9e lors d&#8217;une r\u00e9union en personne avec la personne RCP\/RSII, dans un d\u00e9lai maximum de sept jours.<\/li>\n<\/ul>\n\n\n\n<h2 class=\"wp-block-heading has-medium-font-size\">III.- TRAITEMENT DES DONN\u00c9ES \u00c0 CARACT\u00c8RE PERSONNEL<\/h2>\n\n\n\n<p><p data-start=\"3816\" data-end=\"4865\">TMI traitera les donn\u00e9es personnelles incluses dans les communications re\u00e7ues et couvertes par la loi 2\/2023, en tant que responsable du traitement, afin de pouvoir les g\u00e9rer et, le cas \u00e9ch\u00e9ant, engager la proc\u00e9dure d&#8217;enqu\u00eate correspondante. La base juridique du traitement sera le respect d&#8217;une obligation l\u00e9gale, d\u00e9coulant de la loi de r\u00e9f\u00e9rence. Si la communication contient des donn\u00e9es \u00e0 caract\u00e8re particulier, la base juridique sera l&#8217;int\u00e9r\u00eat public essentiel et d&#8217;autres dispositions pr\u00e9vues au paragraphe 2 de l&#8217;article 9.2 du r\u00e8glement (UE) 2016\/679 du Parlement europ\u00e9en et du Conseil du 27 avril 2016 relatif \u00e0 la protection des personnes physiques \u00e0 l&#8217;\u00e9gard du traitement des donn\u00e9es \u00e0 caract\u00e8re personnel. <a class=\"decorated-link cursor-pointer\" rel=\"noopener\" data-start=\"4587\" data-end=\"4602\">info@tmipal.com<\/a>. En cas de d\u00e9saccord avec le traitement de vos donn\u00e9es, vous pouvez d\u00e9poser une r\u00e9clamation aupr\u00e8s de l&#8217;Agence espagnole de protection des donn\u00e9es, organisme qui d\u00e9tient l&#8217;autorit\u00e9 de contr\u00f4le en la mati\u00e8re, situ\u00e9 C\/ Jorge Juan, 6 (28001) Madrid (<a class=\"decorated-link\" href=\"http:\/\/www.aepd.es\" target=\"_new\" rel=\"noopener\" data-start=\"4850\" data-end=\"4861\">www.aepd.es<\/a>).<\/p><br\/><p data-start=\"4867\" data-end=\"5277\"><\/p><\/p>\n\n\n\n<h2 class=\"wp-block-heading has-medium-font-size\">IV.- ABSENCE DE REPR\u00c9SAILLES<\/h2>\n\n\n\n<p>TMI s&#8217;engage express\u00e9ment \u00e0 ne pas mener d&#8217;actions de repr\u00e9sailles, y compris des menaces ou des tentatives de repr\u00e9sailles \u00e0 l&#8217;encontre des personnes qui soumettent une communication conform\u00e9ment aux dispositions de la loi 2\/2023, et \u00e0 appliquer des mesures de protection pendant le traitement d&#8217;un dossier, \u00e0 l&#8217;\u00e9gard des personnes concern\u00e9es par une \u00e9ventuelle communication.<\/p>\n\n\n\n<p>(*) Le Canal Intern d&#8217;Informaci\u00f3 permet la pr\u00e9sentation de communications anonymes.<\/p>\n\n\n\n<p><p data-start=\"5279\" data-end=\"5788\">(**) Bien que l&#8217;utilisation du canal interne d&#8217;information soit pr\u00e9f\u00e9rable, les communications peuvent \u00e9galement \u00eatre transmises, le cas \u00e9ch\u00e9ant, \u00e0 l&#8217;Autorit\u00e9 ind\u00e9pendante de protection des lanceurs d&#8217;alerte ou aux autorit\u00e9s ou organes autonomes correspondants (actuellement, dans le cadre de la Communaut\u00e9 autonome de Catalogne, le Bureau antifraude de Catalogne), au minist\u00e8re public ou au Parquet europ\u00e9en, selon le cas.<\/p><\/p>\n\n\n\n<p><\/p>\n","protected":false},"excerpt":{"rendered":"<p>I.- CODE \u00c9THIQUE ET PLAN DE PR\u00c9VENTION DES INFRACTIONS T\u00c9CNICAS MEC\u00c1NICAS ILERDENSES, S.L.U (ci-apr\u00e8s \u00ab TMI \u00bb ou \u00ab l&#8217;entreprise \u00bb) est une soci\u00e9t\u00e9 qui s&#8217;engage \u00e0 respecter les normes et principes \u00e9thiques, ainsi que toutes les lois et r\u00e9glementations en vigueur. La r\u00e9glementation r\u00e9gissant l&#8217;activit\u00e9 des personnes en g\u00e9n\u00e9ral et des entreprises en particulier [&hellip;]<\/p>\n","protected":false},"author":1,"featured_media":0,"parent":0,"menu_order":0,"comment_status":"closed","ping_status":"closed","template":"","meta":{"_acf_changed":false,"_monsterinsights_skip_tracking":false,"_monsterinsights_sitenote_active":false,"_monsterinsights_sitenote_note":"","_monsterinsights_sitenote_category":0,"_uf_show_specific_survey":0,"_uf_disable_surveys":false,"footnotes":""},"class_list":["post-13030","page","type-page","status-publish","hentry"],"acf":[],"yoast_head":"<!-- This site is optimized with the Yoast SEO plugin v26.8 - https:\/\/yoast.com\/product\/yoast-seo-wordpress\/ -->\n<title>Syst\u00e8me interne d\u2019information - TMI<\/title>\n<meta name=\"robots\" content=\"index, follow, max-snippet:-1, max-image-preview:large, max-video-preview:-1\" \/>\n<link rel=\"canonical\" href=\"https:\/\/www.tmipal.com\/fr\/systeme-interne-d-information\/\" \/>\n<meta property=\"og:locale\" content=\"fr_FR\" \/>\n<meta property=\"og:type\" content=\"article\" \/>\n<meta property=\"og:title\" content=\"Syst\u00e8me interne d\u2019information - TMI\" \/>\n<meta property=\"og:description\" content=\"I.- CODE \u00c9THIQUE ET PLAN DE PR\u00c9VENTION DES INFRACTIONS T\u00c9CNICAS MEC\u00c1NICAS ILERDENSES, S.L.U (ci-apr\u00e8s \u00ab TMI \u00bb ou \u00ab l&#8217;entreprise \u00bb) est une soci\u00e9t\u00e9 qui s&#8217;engage \u00e0 respecter les normes et principes \u00e9thiques, ainsi que toutes les lois et r\u00e9glementations en vigueur. La r\u00e9glementation r\u00e9gissant l&#8217;activit\u00e9 des personnes en g\u00e9n\u00e9ral et des entreprises en particulier [&hellip;]\" \/>\n<meta property=\"og:url\" content=\"https:\/\/www.tmipal.com\/fr\/systeme-interne-d-information\/\" \/>\n<meta property=\"og:site_name\" content=\"TMI\" \/>\n<meta property=\"article:modified_time\" content=\"2026-03-31T07:25:55+00:00\" \/>\n<meta name=\"twitter:card\" content=\"summary_large_image\" \/>\n<meta name=\"twitter:label1\" content=\"Est. reading time\" \/>\n\t<meta name=\"twitter:data1\" content=\"4 minutes\" \/>\n<script type=\"application\/ld+json\" class=\"yoast-schema-graph\">{\"@context\":\"https:\/\/schema.org\",\"@graph\":[{\"@type\":\"WebPage\",\"@id\":\"https:\/\/www.tmipal.com\/fr\/systeme-interne-d-information\/\",\"url\":\"https:\/\/www.tmipal.com\/fr\/systeme-interne-d-information\/\",\"name\":\"Syst\u00e8me interne d\u2019information - TMI\",\"isPartOf\":{\"@id\":\"https:\/\/www.tmipal.com\/fr\/#website\"},\"datePublished\":\"2025-11-28T08:27:25+00:00\",\"dateModified\":\"2026-03-31T07:25:55+00:00\",\"breadcrumb\":{\"@id\":\"https:\/\/www.tmipal.com\/fr\/systeme-interne-d-information\/#breadcrumb\"},\"inLanguage\":\"fr-FR\",\"potentialAction\":[{\"@type\":\"ReadAction\",\"target\":[\"https:\/\/www.tmipal.com\/fr\/systeme-interne-d-information\/\"]}]},{\"@type\":\"BreadcrumbList\",\"@id\":\"https:\/\/www.tmipal.com\/fr\/systeme-interne-d-information\/#breadcrumb\",\"itemListElement\":[{\"@type\":\"ListItem\",\"position\":1,\"name\":\"Premi\u00e8re page\",\"item\":\"https:\/\/www.tmipal.com\/fr\/accueil\/\"},{\"@type\":\"ListItem\",\"position\":2,\"name\":\"Syst\u00e8me interne d\u2019information\"}]},{\"@type\":\"WebSite\",\"@id\":\"https:\/\/www.tmipal.com\/fr\/#website\",\"url\":\"https:\/\/www.tmipal.com\/fr\/\",\"name\":\"L\u00edneas completas de ensacado, paletizado y enfardado -TMI\",\"description\":\"L\u00edneas completas de ensacado, paletizado y enfardado\",\"publisher\":{\"@id\":\"https:\/\/www.tmipal.com\/fr\/#organization\"},\"potentialAction\":[{\"@type\":\"SearchAction\",\"target\":{\"@type\":\"EntryPoint\",\"urlTemplate\":\"https:\/\/www.tmipal.com\/fr\/?s={search_term_string}\"},\"query-input\":{\"@type\":\"PropertyValueSpecification\",\"valueRequired\":true,\"valueName\":\"search_term_string\"}}],\"inLanguage\":\"fr-FR\"},{\"@type\":\"Organization\",\"@id\":\"https:\/\/www.tmipal.com\/fr\/#organization\",\"name\":\"TMI\",\"url\":\"https:\/\/www.tmipal.com\/fr\/\",\"logo\":{\"@type\":\"ImageObject\",\"inLanguage\":\"fr-FR\",\"@id\":\"https:\/\/www.tmipal.com\/fr\/#\/schema\/logo\/image\/\",\"url\":\"https:\/\/www.tmipal.com\/wp-content\/uploads\/2024\/10\/logo-TMI-LLEIDA.png\",\"contentUrl\":\"https:\/\/www.tmipal.com\/wp-content\/uploads\/2024\/10\/logo-TMI-LLEIDA.png\",\"width\":200,\"height\":200,\"caption\":\"TMI\"},\"image\":{\"@id\":\"https:\/\/www.tmipal.com\/fr\/#\/schema\/logo\/image\/\"}}]}<\/script>\n<!-- \/ Yoast SEO plugin. -->","yoast_head_json":{"title":"Syst\u00e8me interne d\u2019information - TMI","robots":{"index":"index","follow":"follow","max-snippet":"max-snippet:-1","max-image-preview":"max-image-preview:large","max-video-preview":"max-video-preview:-1"},"canonical":"https:\/\/www.tmipal.com\/fr\/systeme-interne-d-information\/","og_locale":"fr_FR","og_type":"article","og_title":"Syst\u00e8me interne d\u2019information - TMI","og_description":"I.- CODE \u00c9THIQUE ET PLAN DE PR\u00c9VENTION DES INFRACTIONS T\u00c9CNICAS MEC\u00c1NICAS ILERDENSES, S.L.U (ci-apr\u00e8s \u00ab TMI \u00bb ou \u00ab l&#8217;entreprise \u00bb) est une soci\u00e9t\u00e9 qui s&#8217;engage \u00e0 respecter les normes et principes \u00e9thiques, ainsi que toutes les lois et r\u00e9glementations en vigueur. La r\u00e9glementation r\u00e9gissant l&#8217;activit\u00e9 des personnes en g\u00e9n\u00e9ral et des entreprises en particulier [&hellip;]","og_url":"https:\/\/www.tmipal.com\/fr\/systeme-interne-d-information\/","og_site_name":"TMI","article_modified_time":"2026-03-31T07:25:55+00:00","twitter_card":"summary_large_image","twitter_misc":{"Est. reading time":"4 minutes"},"schema":{"@context":"https:\/\/schema.org","@graph":[{"@type":"WebPage","@id":"https:\/\/www.tmipal.com\/fr\/systeme-interne-d-information\/","url":"https:\/\/www.tmipal.com\/fr\/systeme-interne-d-information\/","name":"Syst\u00e8me interne d\u2019information - TMI","isPartOf":{"@id":"https:\/\/www.tmipal.com\/fr\/#website"},"datePublished":"2025-11-28T08:27:25+00:00","dateModified":"2026-03-31T07:25:55+00:00","breadcrumb":{"@id":"https:\/\/www.tmipal.com\/fr\/systeme-interne-d-information\/#breadcrumb"},"inLanguage":"fr-FR","potentialAction":[{"@type":"ReadAction","target":["https:\/\/www.tmipal.com\/fr\/systeme-interne-d-information\/"]}]},{"@type":"BreadcrumbList","@id":"https:\/\/www.tmipal.com\/fr\/systeme-interne-d-information\/#breadcrumb","itemListElement":[{"@type":"ListItem","position":1,"name":"Premi\u00e8re page","item":"https:\/\/www.tmipal.com\/fr\/accueil\/"},{"@type":"ListItem","position":2,"name":"Syst\u00e8me interne d\u2019information"}]},{"@type":"WebSite","@id":"https:\/\/www.tmipal.com\/fr\/#website","url":"https:\/\/www.tmipal.com\/fr\/","name":"L\u00edneas completas de ensacado, paletizado y enfardado -TMI","description":"L\u00edneas completas de ensacado, paletizado y enfardado","publisher":{"@id":"https:\/\/www.tmipal.com\/fr\/#organization"},"potentialAction":[{"@type":"SearchAction","target":{"@type":"EntryPoint","urlTemplate":"https:\/\/www.tmipal.com\/fr\/?s={search_term_string}"},"query-input":{"@type":"PropertyValueSpecification","valueRequired":true,"valueName":"search_term_string"}}],"inLanguage":"fr-FR"},{"@type":"Organization","@id":"https:\/\/www.tmipal.com\/fr\/#organization","name":"TMI","url":"https:\/\/www.tmipal.com\/fr\/","logo":{"@type":"ImageObject","inLanguage":"fr-FR","@id":"https:\/\/www.tmipal.com\/fr\/#\/schema\/logo\/image\/","url":"https:\/\/www.tmipal.com\/wp-content\/uploads\/2024\/10\/logo-TMI-LLEIDA.png","contentUrl":"https:\/\/www.tmipal.com\/wp-content\/uploads\/2024\/10\/logo-TMI-LLEIDA.png","width":200,"height":200,"caption":"TMI"},"image":{"@id":"https:\/\/www.tmipal.com\/fr\/#\/schema\/logo\/image\/"}}]}},"_links":{"self":[{"href":"https:\/\/www.tmipal.com\/fr\/wp-json\/wp\/v2\/pages\/13030","targetHints":{"allow":["GET"]}}],"collection":[{"href":"https:\/\/www.tmipal.com\/fr\/wp-json\/wp\/v2\/pages"}],"about":[{"href":"https:\/\/www.tmipal.com\/fr\/wp-json\/wp\/v2\/types\/page"}],"author":[{"embeddable":true,"href":"https:\/\/www.tmipal.com\/fr\/wp-json\/wp\/v2\/users\/1"}],"replies":[{"embeddable":true,"href":"https:\/\/www.tmipal.com\/fr\/wp-json\/wp\/v2\/comments?post=13030"}],"version-history":[{"count":3,"href":"https:\/\/www.tmipal.com\/fr\/wp-json\/wp\/v2\/pages\/13030\/revisions"}],"predecessor-version":[{"id":17569,"href":"https:\/\/www.tmipal.com\/fr\/wp-json\/wp\/v2\/pages\/13030\/revisions\/17569"}],"wp:attachment":[{"href":"https:\/\/www.tmipal.com\/fr\/wp-json\/wp\/v2\/media?parent=13030"}],"curies":[{"name":"wp","href":"https:\/\/api.w.org\/{rel}","templated":true}]}}