{"id":5519,"date":"2025-05-09T08:21:58","date_gmt":"2025-05-09T06:21:58","guid":{"rendered":"https:\/\/www.tmipal.com\/aviso-legal\/"},"modified":"2026-03-31T09:12:16","modified_gmt":"2026-03-31T07:12:16","slug":"legal-warning","status":"publish","type":"page","link":"https:\/\/www.tmipal.com\/fr\/legal-warning\/","title":{"rendered":"Mentions l\u00e9gales"},"content":{"rendered":"\n<p><strong>Bienvenue sur le site web de T\u00c9CNICAS MEC\u00c1NICAS ILERDENSES, S.L.U.<\/strong><\/p>\n\n\n\n<p>Les conditions d\u2019utilisation de ce site web sont expliqu\u00e9es ci-dessous. En naviguant sur ce site, vous devenez utilisateur et acceptez donc les clauses d\u00e9taill\u00e9es dans le pr\u00e9sent document.<\/p>\n\n\n\n<hr class=\"wp-block-separator has-alpha-channel-opacity\"\/>\n\n\n\n<h3 class=\"wp-block-heading\"><strong>IDENTIFICATION<\/strong><\/h3>\n\n\n\n<p>Conform\u00e9ment aux dispositions de l\u2019article 10 de la Loi 34\/2002 du 11 juillet relative aux services de la soci\u00e9t\u00e9 de l\u2019information et au commerce \u00e9lectronique, nous vous informons que <a href=\"https:\/\/www.tmipal.com\">https:\/\/www.tmipal.com<\/a> est un domaine appartenant \u00e0 la soci\u00e9t\u00e9 T\u00c9CNICAS MEC\u00c1NICAS ILERDENSES, S.L.U., dont le si\u00e8ge social est situ\u00e9 C\/ Alcarr\u00e0s, Parl. 66 Pol. Ind. Els Frares, 25190 Lleida, adresse \u00e9lectronique <a>info@tmipal.com<\/a> et num\u00e9ro de t\u00e9l\u00e9phone +34 973 25 70 98.<\/p>\n\n\n\n<p>La soci\u00e9t\u00e9 T\u00c9CNICAS MEC\u00c1NICAS ILERDENSES, S.L.U., dont le num\u00e9ro d\u2019identification fiscale est B25451469, est inscrite au Registre du Commerce de Lleida. Volume 640, Folio 181, Feuille L-12096, premi\u00e8re inscription, section g\u00e9n\u00e9rale.<\/p>\n\n\n\n<hr class=\"wp-block-separator has-alpha-channel-opacity\"\/>\n\n\n\n<h3 class=\"wp-block-heading\"><strong>CONDITIONS D\u2019UTILISATION<\/strong><\/h3>\n\n\n\n<p>L\u2019Utilisateur s\u2019engage \u00e0 faire un usage appropri\u00e9 et licite de ce site web, de ses contenus et services, conform\u00e9ment \u00e0 la l\u00e9gislation en vigueur au moment de son utilisation, \u00e0 la morale g\u00e9n\u00e9ralement accept\u00e9e, aux bonnes m\u0153urs et \u00e0 l\u2019ordre public.<\/p>\n\n\n\n<p>L\u2019Utilisateur n\u2019est pas autoris\u00e9 \u00e0 effectuer toute action pouvant alt\u00e9rer les contenus de ce site web ou entra\u00eener son dysfonctionnement, y compris l\u2019introduction de virus ou d\u2019\u00e9l\u00e9ments similaires.<\/p>\n\n\n\n<hr class=\"wp-block-separator has-alpha-channel-opacity\"\/>\n\n\n\n<h3 class=\"wp-block-heading\"><strong>PROPRI\u00c9T\u00c9 INTELLECTUELLE<\/strong><\/h3>\n\n\n\n<p>Les pages du site web ainsi que les informations ou \u00e9l\u00e9ments qu\u2019elles contiennent incluent des textes, documents, photographies, dessins, repr\u00e9sentations graphiques, bases de donn\u00e9es et vid\u00e9os, ainsi que des logos, marques, noms commerciaux ou autres signes distinctifs prot\u00e9g\u00e9s par des droits de propri\u00e9t\u00e9 intellectuelle ou industrielle, dont T\u00c9CNICAS MEC\u00c1NICAS ILERDENSES, S.L.U. est propri\u00e9taire ou licenci\u00e9 l\u00e9gitime.<\/p>\n\n\n\n<p>Toute forme d\u2019exploitation, y compris tout type de reproduction, distribution, communication \u00e0 des tiers, communication publique ou transformation, par tout moyen ou support, est interdite sans le consentement pr\u00e9alable et expr\u00e8s.<\/p>\n\n\n\n<hr class=\"wp-block-separator has-alpha-channel-opacity\"\/>\n\n\n\n<h3 class=\"wp-block-heading\"><strong>RESPONSABILIT\u00c9<\/strong><\/h3>\n\n\n\n<p>Notre intention est que le site web soit disponible de mani\u00e8re continue et avec la meilleure qualit\u00e9 possible.<\/p>\n\n\n\n<p>Cependant, nous ne pouvons garantir un acc\u00e8s continu, car ses pages peuvent cesser de fonctionner ou \u00eatre interrompues en raison de facteurs ou de circonstances ind\u00e9pendants de notre volont\u00e9.<\/p>\n\n\n\n<p>T\u00c9CNICAS MEC\u00c1NICAS ILERDENSES, S.L.U. n\u2019est pas responsable des informations et contenus h\u00e9berg\u00e9s sur des espaces ou pages web de tiers accessibles via des liens ou hyperliens.<\/p>\n\n\n\n<p>T\u00c9CNICAS MEC\u00c1NICAS ILERDENSES, S.L.U. d\u00e9cline toute responsabilit\u00e9 pour les dommages qui pourraient, entre autres, r\u00e9sulter de :<\/p>\n\n\n\n<ul class=\"wp-block-list\">\n<li>Interf\u00e9rences, interruptions, d\u00e9faillances, omissions, pannes t\u00e9l\u00e9phoniques, retards, blocages ou d\u00e9connexions dans le fonctionnement du syst\u00e8me \u00e9lectronique caus\u00e9s par des d\u00e9ficiences, surcharges et erreurs dans les lignes et r\u00e9seaux de t\u00e9l\u00e9communications.<\/li>\n\n\n\n<li>Interf\u00e9rences illicites r\u00e9sultant de l\u2019utilisation de programmes malveillants de toute nature et par tout moyen de communication.<\/li>\n\n\n\n<li>Utilisation incorrecte ou inappropri\u00e9e du site web.<\/li>\n\n\n\n<li>Erreurs produites par un dysfonctionnement du navigateur ou par l\u2019utilisation de versions non mises \u00e0 jour de celui-ci.<\/li>\n<\/ul>\n\n\n\n<p>En cas de dommages caus\u00e9s par une utilisation ill\u00e9gale ou incorrecte de ce site web, l\u2019Utilisateur pourra \u00eatre tenu responsable de ces dommages.<\/p>\n\n\n\n<p>De m\u00eame, l\u2019Utilisateur sera responsable de tout dommage ou pr\u00e9judice r\u00e9sultant de l\u2019utilisation de \u00ab robots \u00bb, \u00ab spiders \u00bb ou outils similaires utilis\u00e9s pour la collecte ou l\u2019extraction de donn\u00e9es, ou de toute autre action de sa part imposant une charge d\u00e9raisonnable au bon fonctionnement du site web.<\/p>\n\n\n\n<hr class=\"wp-block-separator has-alpha-channel-opacity\"\/>\n\n\n\n<h3 class=\"wp-block-heading\"><strong>L\u00c9GISLATION APPLICABLE<\/strong><\/h3>\n\n\n\n<p>Pour la r\u00e9solution de tout conflit pouvant d\u00e9couler de la visite de notre site web, nous vous recommandons de nous contacter directement via les coordonn\u00e9es fournies afin d\u2019exposer votre cas et de tenter de parvenir \u00e0 un accord amiable entre les parties.<\/p>\n\n\n\n<p>\u00c0 d\u00e9faut, en cas de litige ou de conflit d\u2019interpr\u00e9tation des termes composant le pr\u00e9sent avis l\u00e9gal, ainsi que pour toute question li\u00e9e aux services et produits de ce site web, la l\u00e9gislation applicable sera la l\u00e9gislation espagnole.<\/p>\n\n\n\n<p>Notre soci\u00e9t\u00e9 et l\u2019Utilisateur conviennent de se soumettre aux juges et tribunaux du domicile de l\u2019Utilisateur, \u00e0 condition que celui-ci se trouve sur le territoire espagnol et agisse en qualit\u00e9 de consommateur.<\/p>\n\n\n\n<p><\/p>\n","protected":false},"excerpt":{"rendered":"<p>Bienvenue sur le site web de T\u00c9CNICAS MEC\u00c1NICAS ILERDENSES, S.L.U. Les conditions d\u2019utilisation de ce site web sont expliqu\u00e9es ci-dessous. En naviguant sur ce site, vous devenez utilisateur et acceptez donc les clauses d\u00e9taill\u00e9es dans le pr\u00e9sent document. IDENTIFICATION Conform\u00e9ment aux dispositions de l\u2019article 10 de la Loi 34\/2002 du 11 juillet relative aux services [&hellip;]<\/p>\n","protected":false},"author":1,"featured_media":0,"parent":0,"menu_order":0,"comment_status":"closed","ping_status":"closed","template":"","meta":{"_acf_changed":false,"_monsterinsights_skip_tracking":false,"_monsterinsights_sitenote_active":false,"_monsterinsights_sitenote_note":"","_monsterinsights_sitenote_category":0,"_uf_show_specific_survey":0,"_uf_disable_surveys":false,"footnotes":""},"class_list":["post-5519","page","type-page","status-publish","hentry"],"acf":[],"yoast_head":"<!-- This site is optimized with the Yoast SEO plugin v26.8 - https:\/\/yoast.com\/product\/yoast-seo-wordpress\/ -->\n<title>Mentions l\u00e9gales - TMI<\/title>\n<meta name=\"robots\" content=\"index, follow, max-snippet:-1, max-image-preview:large, max-video-preview:-1\" \/>\n<link rel=\"canonical\" href=\"https:\/\/www.tmipal.com\/fr\/legal-warning\/\" \/>\n<meta property=\"og:locale\" content=\"fr_FR\" \/>\n<meta property=\"og:type\" content=\"article\" \/>\n<meta property=\"og:title\" content=\"Mentions l\u00e9gales - TMI\" \/>\n<meta property=\"og:description\" content=\"Bienvenue sur le site web de T\u00c9CNICAS MEC\u00c1NICAS ILERDENSES, S.L.U. Les conditions d\u2019utilisation de ce site web sont expliqu\u00e9es ci-dessous. En naviguant sur ce site, vous devenez utilisateur et acceptez donc les clauses d\u00e9taill\u00e9es dans le pr\u00e9sent document. IDENTIFICATION Conform\u00e9ment aux dispositions de l\u2019article 10 de la Loi 34\/2002 du 11 juillet relative aux services [&hellip;]\" \/>\n<meta property=\"og:url\" content=\"https:\/\/www.tmipal.com\/fr\/legal-warning\/\" \/>\n<meta property=\"og:site_name\" content=\"TMI\" \/>\n<meta property=\"article:modified_time\" content=\"2026-03-31T07:12:16+00:00\" \/>\n<meta name=\"twitter:card\" content=\"summary_large_image\" \/>\n<meta name=\"twitter:label1\" content=\"Est. reading time\" \/>\n\t<meta name=\"twitter:data1\" content=\"3 minutes\" \/>\n<script type=\"application\/ld+json\" class=\"yoast-schema-graph\">{\"@context\":\"https:\/\/schema.org\",\"@graph\":[{\"@type\":\"WebPage\",\"@id\":\"https:\/\/www.tmipal.com\/fr\/legal-warning\/\",\"url\":\"https:\/\/www.tmipal.com\/fr\/legal-warning\/\",\"name\":\"Mentions l\u00e9gales - TMI\",\"isPartOf\":{\"@id\":\"https:\/\/www.tmipal.com\/fr\/#website\"},\"datePublished\":\"2025-05-09T06:21:58+00:00\",\"dateModified\":\"2026-03-31T07:12:16+00:00\",\"breadcrumb\":{\"@id\":\"https:\/\/www.tmipal.com\/fr\/legal-warning\/#breadcrumb\"},\"inLanguage\":\"fr-FR\",\"potentialAction\":[{\"@type\":\"ReadAction\",\"target\":[\"https:\/\/www.tmipal.com\/fr\/legal-warning\/\"]}]},{\"@type\":\"BreadcrumbList\",\"@id\":\"https:\/\/www.tmipal.com\/fr\/legal-warning\/#breadcrumb\",\"itemListElement\":[{\"@type\":\"ListItem\",\"position\":1,\"name\":\"Premi\u00e8re page\",\"item\":\"https:\/\/www.tmipal.com\/fr\/accueil\/\"},{\"@type\":\"ListItem\",\"position\":2,\"name\":\"Mentions l\u00e9gales\"}]},{\"@type\":\"WebSite\",\"@id\":\"https:\/\/www.tmipal.com\/fr\/#website\",\"url\":\"https:\/\/www.tmipal.com\/fr\/\",\"name\":\"L\u00edneas completas de ensacado, paletizado y enfardado -TMI\",\"description\":\"L\u00edneas completas de ensacado, paletizado y enfardado\",\"publisher\":{\"@id\":\"https:\/\/www.tmipal.com\/fr\/#organization\"},\"potentialAction\":[{\"@type\":\"SearchAction\",\"target\":{\"@type\":\"EntryPoint\",\"urlTemplate\":\"https:\/\/www.tmipal.com\/fr\/?s={search_term_string}\"},\"query-input\":{\"@type\":\"PropertyValueSpecification\",\"valueRequired\":true,\"valueName\":\"search_term_string\"}}],\"inLanguage\":\"fr-FR\"},{\"@type\":\"Organization\",\"@id\":\"https:\/\/www.tmipal.com\/fr\/#organization\",\"name\":\"TMI\",\"url\":\"https:\/\/www.tmipal.com\/fr\/\",\"logo\":{\"@type\":\"ImageObject\",\"inLanguage\":\"fr-FR\",\"@id\":\"https:\/\/www.tmipal.com\/fr\/#\/schema\/logo\/image\/\",\"url\":\"https:\/\/www.tmipal.com\/wp-content\/uploads\/2024\/10\/logo-TMI-LLEIDA.png\",\"contentUrl\":\"https:\/\/www.tmipal.com\/wp-content\/uploads\/2024\/10\/logo-TMI-LLEIDA.png\",\"width\":200,\"height\":200,\"caption\":\"TMI\"},\"image\":{\"@id\":\"https:\/\/www.tmipal.com\/fr\/#\/schema\/logo\/image\/\"}}]}<\/script>\n<!-- \/ Yoast SEO plugin. -->","yoast_head_json":{"title":"Mentions l\u00e9gales - TMI","robots":{"index":"index","follow":"follow","max-snippet":"max-snippet:-1","max-image-preview":"max-image-preview:large","max-video-preview":"max-video-preview:-1"},"canonical":"https:\/\/www.tmipal.com\/fr\/legal-warning\/","og_locale":"fr_FR","og_type":"article","og_title":"Mentions l\u00e9gales - TMI","og_description":"Bienvenue sur le site web de T\u00c9CNICAS MEC\u00c1NICAS ILERDENSES, S.L.U. Les conditions d\u2019utilisation de ce site web sont expliqu\u00e9es ci-dessous. En naviguant sur ce site, vous devenez utilisateur et acceptez donc les clauses d\u00e9taill\u00e9es dans le pr\u00e9sent document. IDENTIFICATION Conform\u00e9ment aux dispositions de l\u2019article 10 de la Loi 34\/2002 du 11 juillet relative aux services [&hellip;]","og_url":"https:\/\/www.tmipal.com\/fr\/legal-warning\/","og_site_name":"TMI","article_modified_time":"2026-03-31T07:12:16+00:00","twitter_card":"summary_large_image","twitter_misc":{"Est. reading time":"3 minutes"},"schema":{"@context":"https:\/\/schema.org","@graph":[{"@type":"WebPage","@id":"https:\/\/www.tmipal.com\/fr\/legal-warning\/","url":"https:\/\/www.tmipal.com\/fr\/legal-warning\/","name":"Mentions l\u00e9gales - TMI","isPartOf":{"@id":"https:\/\/www.tmipal.com\/fr\/#website"},"datePublished":"2025-05-09T06:21:58+00:00","dateModified":"2026-03-31T07:12:16+00:00","breadcrumb":{"@id":"https:\/\/www.tmipal.com\/fr\/legal-warning\/#breadcrumb"},"inLanguage":"fr-FR","potentialAction":[{"@type":"ReadAction","target":["https:\/\/www.tmipal.com\/fr\/legal-warning\/"]}]},{"@type":"BreadcrumbList","@id":"https:\/\/www.tmipal.com\/fr\/legal-warning\/#breadcrumb","itemListElement":[{"@type":"ListItem","position":1,"name":"Premi\u00e8re page","item":"https:\/\/www.tmipal.com\/fr\/accueil\/"},{"@type":"ListItem","position":2,"name":"Mentions l\u00e9gales"}]},{"@type":"WebSite","@id":"https:\/\/www.tmipal.com\/fr\/#website","url":"https:\/\/www.tmipal.com\/fr\/","name":"L\u00edneas completas de ensacado, paletizado y enfardado -TMI","description":"L\u00edneas completas de ensacado, paletizado y enfardado","publisher":{"@id":"https:\/\/www.tmipal.com\/fr\/#organization"},"potentialAction":[{"@type":"SearchAction","target":{"@type":"EntryPoint","urlTemplate":"https:\/\/www.tmipal.com\/fr\/?s={search_term_string}"},"query-input":{"@type":"PropertyValueSpecification","valueRequired":true,"valueName":"search_term_string"}}],"inLanguage":"fr-FR"},{"@type":"Organization","@id":"https:\/\/www.tmipal.com\/fr\/#organization","name":"TMI","url":"https:\/\/www.tmipal.com\/fr\/","logo":{"@type":"ImageObject","inLanguage":"fr-FR","@id":"https:\/\/www.tmipal.com\/fr\/#\/schema\/logo\/image\/","url":"https:\/\/www.tmipal.com\/wp-content\/uploads\/2024\/10\/logo-TMI-LLEIDA.png","contentUrl":"https:\/\/www.tmipal.com\/wp-content\/uploads\/2024\/10\/logo-TMI-LLEIDA.png","width":200,"height":200,"caption":"TMI"},"image":{"@id":"https:\/\/www.tmipal.com\/fr\/#\/schema\/logo\/image\/"}}]}},"_links":{"self":[{"href":"https:\/\/www.tmipal.com\/fr\/wp-json\/wp\/v2\/pages\/5519","targetHints":{"allow":["GET"]}}],"collection":[{"href":"https:\/\/www.tmipal.com\/fr\/wp-json\/wp\/v2\/pages"}],"about":[{"href":"https:\/\/www.tmipal.com\/fr\/wp-json\/wp\/v2\/types\/page"}],"author":[{"embeddable":true,"href":"https:\/\/www.tmipal.com\/fr\/wp-json\/wp\/v2\/users\/1"}],"replies":[{"embeddable":true,"href":"https:\/\/www.tmipal.com\/fr\/wp-json\/wp\/v2\/comments?post=5519"}],"version-history":[{"count":6,"href":"https:\/\/www.tmipal.com\/fr\/wp-json\/wp\/v2\/pages\/5519\/revisions"}],"predecessor-version":[{"id":17561,"href":"https:\/\/www.tmipal.com\/fr\/wp-json\/wp\/v2\/pages\/5519\/revisions\/17561"}],"wp:attachment":[{"href":"https:\/\/www.tmipal.com\/fr\/wp-json\/wp\/v2\/media?parent=5519"}],"curies":[{"name":"wp","href":"https:\/\/api.w.org\/{rel}","templated":true}]}}