{"id":5533,"date":"2025-05-09T08:26:57","date_gmt":"2025-05-09T06:26:57","guid":{"rendered":"https:\/\/www.tmipal.com\/politica-de-privacidad\/"},"modified":"2026-03-31T09:50:57","modified_gmt":"2026-03-31T07:50:57","slug":"privacy-policy","status":"publish","type":"page","link":"https:\/\/www.tmipal.com\/fr\/privacy-policy\/","title":{"rendered":"Politique de confidentialit\u00e9"},"content":{"rendered":"\n<p><strong>Champ d\u2019application de la politique de confidentialit\u00e9<\/strong><\/p>\n\n\n\n<p>La pr\u00e9sente politique de protection des donn\u00e9es personnelles couvre tout traitement de donn\u00e9es pouvant \u00eatre effectu\u00e9 lors de la navigation ou de l\u2019interaction sur l\u2019un de nos sites web ou sur les r\u00e9seaux sociaux que nous g\u00e9rons (LinkedIn, Twitter, YouTube, etc.). Des informations sp\u00e9cifiques sur l\u2019utilisation des r\u00e9seaux sociaux sont d\u00e9taill\u00e9es \u00e0 la fin de ce document.<\/p>\n\n\n\n<p>Sur chacune de ces plateformes, vous pouvez consulter des informations et, dans certains cas, remplir des formulaires, r\u00e9pondre \u00e0 des enqu\u00eates, participer \u00e0 des concours, effectuer des demandes, envoyer des photographies, publier des commentaires, etc., et ainsi nous fournir des donn\u00e9es personnelles et des informations. Tout traitement des donn\u00e9es est soumis \u00e0 notre Politique de confidentialit\u00e9.<\/p>\n\n\n\n<hr class=\"wp-block-separator has-alpha-channel-opacity\"\/>\n\n\n\n<h3 class=\"wp-block-heading\"><strong>Qui est responsable du traitement de vos donn\u00e9es personnelles ?<\/strong><\/h3>\n\n\n\n<p>Conform\u00e9ment aux dispositions du R\u00e8glement (UE) 2016\/679 du Parlement europ\u00e9en et du Conseil du 27 avril 2016, ainsi qu\u2019\u00e0 la Loi organique 3\/2018 du 5 d\u00e9cembre relative \u00e0 la protection des donn\u00e9es personnelles et \u00e0 la garantie des droits num\u00e9riques, nous vous informons que les donn\u00e9es personnelles que vous fournissez seront trait\u00e9es par T\u00c9CNICAS MEC\u00c1NICAS ILERDENSES, S.L.U., dont le num\u00e9ro d\u2019identification fiscale est B25451469, ayant son si\u00e8ge social \u00e0 C\/ Alcarr\u00e0s, Parl. 66 Pol. Ind. Els Frares, 25190 Lleida, adresse \u00e9lectronique <a>info@tmipal.com<\/a> et num\u00e9ro de t\u00e9l\u00e9phone +34 973 25 70 98.<\/p>\n\n\n\n<hr class=\"wp-block-separator has-alpha-channel-opacity\"\/>\n\n\n\n<h3 class=\"wp-block-heading\"><strong>Comment traitons-nous vos donn\u00e9es personnelles ?<\/strong><\/h3>\n\n\n\n<p>La pr\u00e9sente politique de protection des donn\u00e9es personnelles couvre tout traitement de donn\u00e9es pouvant \u00eatre effectu\u00e9 lors de la navigation ou de l\u2019interaction sur l\u2019un de nos sites web ou sur les r\u00e9seaux sociaux que nous g\u00e9rons (LinkedIn, Twitter, YouTube, etc.). Des informations sp\u00e9cifiques sur l\u2019utilisation des r\u00e9seaux sociaux sont d\u00e9taill\u00e9es \u00e0 la fin de ce document.<\/p>\n\n\n\n<p>Sur chacune de ces plateformes, vous pouvez consulter des informations et, dans certains cas, remplir des formulaires, r\u00e9pondre \u00e0 des enqu\u00eates, participer \u00e0 des concours, effectuer des demandes, envoyer des photographies, publier des commentaires, etc., et ainsi nous fournir des donn\u00e9es personnelles et des informations. Tout traitement des donn\u00e9es est soumis \u00e0 notre Politique de confidentialit\u00e9.<\/p>\n\n\n\n<p><strong>How do we process your personal data?<\/strong><\/p>\n\n\n\n<p>The personal data that we manage, as well as its purposes, is detailed below:<\/p>\n\n\n\n<figure class=\"wp-block-table\"><table class=\"has-fixed-layout\"><thead><tr><th><strong>Processing<\/strong><\/th><th><strong>Request for quotation<\/strong><\/th><\/tr><\/thead><tbody><tr><td><strong>Purpose<\/strong><\/td><td>Management of the data of potential clients who request a quotation<\/td><\/tr><tr><td><strong>Data categories<\/strong><\/td><td>Potential clients<\/td><\/tr><tr><td><strong>Data<\/strong><\/td><td>Identification data: Name and surname, address, telephone number, email<\/td><\/tr><tr><td><strong>Legitimation<\/strong><\/td><td>Legitimate interest<\/td><\/tr><tr><td><strong>Source<\/strong><\/td><td>From the interested party<\/td><\/tr><tr><td><strong>Recipients<\/strong><\/td><td>No communication of the data<\/td><\/tr><tr><td><strong>Retention<\/strong><\/td><td>As long as you do not exercise your right to erasure<\/td><\/tr><tr><td><strong>International transfers:<\/strong><\/td><td>There are no international transfers of data<\/td><\/tr><\/tbody><\/table><\/figure>\n\n\n\n<figure class=\"wp-block-table\"><table class=\"has-fixed-layout\"><thead><tr><th><strong>Processing<\/strong><\/th><th><strong>Talent people<\/strong><\/th><\/tr><\/thead><tbody><tr><td><strong>Purpose<\/strong><\/td><td>Management of the data of candidates that apply for a job in the company.<\/td><\/tr><tr><td><strong>Data categories<\/strong><\/td><td>Job applicants<\/td><\/tr><tr><td><strong>Data<\/strong><\/td><td>Identification data: Name and surname, ID card number, address, telephone number, email<br>Personal: social and occupational data<\/td><\/tr><tr><td><strong>Legitimation<\/strong><\/td><td>Legitimate interest and consent<\/td><\/tr><tr><td><strong>Source<\/strong><\/td><td>From the interested party<\/td><\/tr><tr><td><strong>Recipients<\/strong><\/td><td>Online platforms specialised in managing job offers, on which recruitment advertisements have been published.<\/td><\/tr><tr><td><strong>Retention<\/strong><\/td><td>As long as the right to erasure is not exercised<\/td><\/tr><tr><td><strong>International transfers:<\/strong><\/td><td>There are no international transfers of data<\/td><\/tr><\/tbody><\/table><\/figure>\n\n\n\n<figure class=\"wp-block-table\"><table class=\"has-fixed-layout\"><thead><tr><th><strong>Processing<\/strong><\/th><th><strong>Business information<\/strong><\/th><\/tr><\/thead><tbody><tr><td><strong>Purpose<\/strong><\/td><td>Sending information about the company\u2019s products and\/or services<\/td><\/tr><tr><td><strong>Data categories<\/strong><\/td><td>People requesting information<\/td><\/tr><tr><td><strong>Data<\/strong><\/td><td>Name, surname, company, email, telephone number<\/td><\/tr><tr><td><strong>Legitimation<\/strong><\/td><td>Consent<\/td><\/tr><tr><td><strong>Source<\/strong><\/td><td>From the interested party<\/td><\/tr><tr><td><strong>Recipients<\/strong><\/td><td>No communication of the data<\/td><\/tr><tr><td><strong>Retention<\/strong><\/td><td>Until the right to oppose and\/or erasure is exercised<\/td><\/tr><tr><td><strong>International transfers:<\/strong><\/td><td>There are no international transfers of data<\/td><\/tr><\/tbody><\/table><\/figure>\n\n\n\n<figure class=\"wp-block-table\"><table class=\"has-fixed-layout\"><thead><tr><th><strong>Processing<\/strong><\/th><th><strong>Informaci\u00f3n<\/strong><\/th><\/tr><\/thead><tbody><tr><td><strong>Purpose<\/strong><\/td><td>Responding to information requests received through the website<\/td><\/tr><tr><td><strong>Data categories<\/strong><\/td><td>People requesting information<\/td><\/tr><tr><td><strong>Data<\/strong><\/td><td>Name, surname, company, email, telephone number<\/td><\/tr><tr><td><strong>Legitimation<\/strong><\/td><td>Legitimate interest<\/td><\/tr><tr><td><strong>Source<\/strong><\/td><td>From the interested party<\/td><\/tr><tr><td><strong>Recipients<\/strong><\/td><td>No communication of the data<\/td><\/tr><tr><td><strong>Retention<\/strong><\/td><td>Until the right to oppose and\/or erasure is exercised<\/td><\/tr><tr><td><strong>International transfers:<\/strong><\/td><td>There are no international transfers of data<\/td><\/tr><\/tbody><\/table><\/figure>\n\n\n\n<p>Your consent can be revoked at any time.<\/p>\n\n\n\n<p>T\u00c9CNICAS MEC\u00c1NICAS ILERDENSES, S.L. uses tools to analyse user profiles, behaviours or preferences and then conduct targeted campaigns based on this data.<\/p>\n\n\n\n<p><strong>Why do we use your personal data?<\/strong><\/p>\n\n\n\n<p>The legal basis that allows us to process your personal data is explained below:<\/p>\n\n\n\n<ol class=\"wp-block-list\">\n<li>In compliance with a contractual relationship<\/li>\n\n\n\n<li>When you give us your consent<\/li>\n\n\n\n<li>For the legitimate interest of T\u00c9CNICAS MEC\u00c1NICAS ILERDENSES, S.L.U., to offer services, products and initiatives that may be of interest to you<\/li>\n\n\n\n<li>Fulfilment of obligations imposed by law<\/li>\n<\/ol>\n\n\n\n<p>We remind you that you can revoke your consent at any time using the following address:&nbsp;<a href=\"mailto:info@tmipal.com\">info@tmipal.com<\/a>.<\/p>\n\n\n\n<p><strong>Publication of photos or videos on our website or social networks<\/strong><\/p>\n\n\n\n<p>For the publication of photographs or videos of our employees, customers, users or minors on our website or social networks, as well as for the collection of data to carry out a contest or to process any other personal data, we previously obtain prior, explicit, indisputable and informed consent of the owner which, in the case of minors under 14 years of age, is granted by the parents or legal guardians.<\/p>\n\n\n\n<p>The processing of these photos complies with the principle of proportionality, that is, they are only processed strictly for the purpose for which the consent has been given.<\/p>\n\n\n\n<p><strong>Non-relevant data<\/strong><\/p>\n\n\n\n<p>T\u00c9CNICAS MEC\u00c1NICAS ILERDENSES, S.L.U. warns the user that, except for the existence of a legally established representation, no user may falsify the identity of another person and communicate their personal data. Therefore, users must at all times bear in mind that they may only provide adequate, relevant, current, accurate and verifiable personal data corresponding to their own identity.<\/p>\n\n\n\n<p><strong>Security measures<\/strong><\/p>\n\n\n\n<p>T\u00c9CNICAS MEC\u00c1NICAS ILERDENSES, S.L.U. ensures absolute confidentiality and privacy of the personal data collected. Therefore, essential security measures have been adopted to prevent alteration, loss, processing or unauthorised access, and to guarantee their integrity and security.<\/p>\n\n\n\n<p>Users agree to make diligent use of their username and password and to conceal them from third parties. Likewise, users agree to inform the company about any theft, loss or risk of access by third parties to their user information.<\/p>\n\n\n\n<p><strong>Which are your rights when you provide us with your personal data?<\/strong><\/p>\n\n\n\n<figure class=\"wp-block-table\"><table class=\"has-fixed-layout\"><thead><tr><th><strong>Right<\/strong><\/th><th><strong>Content<\/strong><\/th><th><strong>Support Channel<\/strong><\/th><\/tr><\/thead><tbody><tr><td><strong>Access<\/strong><\/td><td>You can consult the personal data managed by T\u00c9CNICAS MEC\u00c1NICAS ILERDENSES, S.L.U.<\/td><td rowspan=\"6\"><a href=\"mailto:info@tmipal.com\">info@tmipal.com<\/a><\/td><\/tr><tr><td><strong>Rectification<\/strong><\/td><td>You can modify your personal data when it is inaccurate.<\/td><\/tr><tr><td><strong>Erasure<\/strong><\/td><td>You may request the erasure of your personal data.<\/td><\/tr><tr><td><strong>Object<\/strong><\/td><td>You may request that your personal data is not processed.<\/td><\/tr><tr><td><strong>Restriction of processing<\/strong><\/td><td>You may request to restrict the processing of your data in the following cases:While the accuracy of your data is being verified.When T\u00c9CNICAS MEC\u00c1NICAS ILERDENSES, S.L.U. does not need to process your data, but you need it for the exercise or defence of claims.<\/td><\/tr><tr><td><strong>Data portability<\/strong><\/td><td>You may receive the data you have provided in an electronic format.<\/td><\/tr><tr><td colspan=\"3\">If you consider that we have not processed your personal data in accordance with the regulations, you can contact our Data Protection Officer at the email address&nbsp;<a href=\"mailto:info@tmipal.com\">info@tmipal.com<\/a>However, you may also file a complaint with the Spanish Data Protection Agency (<a href=\"http:\/\/www.agpd.es\/\" target=\"_blank\" rel=\"noreferrer noopener\">www.agpd.es<\/a>).<\/td><\/tr><tr><td colspan=\"3\">To exercise your rights, please accompany your request with a copy of your ID card or document proving your identity.<\/td><\/tr><tr><td colspan=\"3\">The exercise of your rights is free of charge.<\/td><\/tr><\/tbody><\/table><\/figure>\n\n\n\n<p><strong>Social networks<\/strong><\/p>\n\n\n\n<p>The operation of social networks is not under T\u00c9CNICAS MEC\u00c1NICAS ILERDENSES, S.L.U.\u2019s control and therefore the information published is available to all users who wish to consult it. These networks also allow for interaction with other users. Below we have detailed some considerations that you should take into account.<\/p>\n\n\n\n<p>The purpose of the use of social networks is to give visibility to and promote the products developed by T\u00c9CNICAS MEC\u00c1NICAS ILERDENSES, S.LU..<\/p>\n\n\n\n<p>In theory, the same data protection policy as described in this document applies to the collection, processing, and transfer of data.<\/p>\n\n\n\n<p>Users must agree:<\/p>\n\n\n\n<ul class=\"wp-block-list\">\n<li>To not publish information that does not meet the requirements of truthfulness, public interest and respect for people&#8217;s dignity. In particular, users must avoid any conduct that may violate the principle of non-discrimination on the grounds of sex, race, religion, ideology or any other personal or social circumstance, and that goes against privacy, honour and personal image, being the final party responsible for the veracity and legality of the content published<\/li>\n\n\n\n<li>To not record or publish images, videos or any other type of recording without the consent of those affected<\/li>\n<\/ul>\n\n\n\n<p>T\u00c9CNICAS MEC\u00c1NICAS ILERDENSES, S.L.U. does not identify with the views and opinions expressed by individual user profiles or with the ideology of user profiles with which it is in contact on any social network.<\/p>\n\n\n\n<p>T\u00c9CNICAS MEC\u00c1NICAS ILERDENSES, S.L.U. reserves the right to remove from its social networks any information published by individual user profiles that violates the law, incites others to do so, or contains messages that violate the dignity of persons or institutions, as well as to block or denounce the user profile that has published these messages.<\/p>\n\n\n\n<p>User recommendations:<\/p>\n\n\n\n<ul class=\"wp-block-list\">\n<li>Review and read the general conditions of use and the privacy policy of the social network at the time of registration.<\/li>\n\n\n\n<li>Find out about the configuration and possibilities for use offered by the network.<\/li>\n\n\n\n<li>Correctly configure the user profile\u2019s privacy settings on the social network.<\/li>\n\n\n\n<li>Do not publish excessive information about your personal and family life.<\/li>\n\n\n\n<li>Be careful when publishing audiovisual and graphic content on your profile, especially if they are images related to third parties.<\/li>\n\n\n\n<li>Do not publish data from third parties without their prior consent.<\/li>\n<\/ul>\n\n\n\n<p>The social networks managed by T\u00c9CNICAS MEC\u00c1NICAS ILERDENSES, S.L.U. are the following:<\/p>\n\n\n\n<figure class=\"wp-block-table\"><table class=\"has-fixed-layout\"><thead><tr><th><strong>Network<\/strong><\/th><th><strong>Address<\/strong><\/th><\/tr><\/thead><tbody><tr><td><strong>YouTube<\/strong><\/td><td><a href=\"https:\/\/www.youtube.com\/channel\/UCZN51i1llUe2Dwh8O2ceXsQ\" target=\"_blank\" rel=\"noreferrer noopener\">https:\/\/www.youtube.com\/channel\/UCZN51i1llUe2Dwh8O2ceXsQ<\/a><\/td><\/tr><tr><td><strong>LinkedIn<\/strong><\/td><td><a href=\"https:\/\/www.linkedin.com\/company\/tmi_bagging&amp;palletizing\" target=\"_blank\" rel=\"noreferrer noopener\">https:\/\/www.linkedin.com\/company\/tmi_bagging&amp;palletizing<\/a><\/td><\/tr><\/tbody><\/table><\/figure>\n\n\n\n<p><\/p>\n","protected":false},"excerpt":{"rendered":"<p>Champ d\u2019application de la politique de confidentialit\u00e9 La pr\u00e9sente politique de protection des donn\u00e9es personnelles couvre tout traitement de donn\u00e9es pouvant \u00eatre effectu\u00e9 lors de la navigation ou de l\u2019interaction sur l\u2019un de nos sites web ou sur les r\u00e9seaux sociaux que nous g\u00e9rons (LinkedIn, Twitter, YouTube, etc.). Des informations sp\u00e9cifiques sur l\u2019utilisation des r\u00e9seaux [&hellip;]<\/p>\n","protected":false},"author":1,"featured_media":0,"parent":0,"menu_order":0,"comment_status":"closed","ping_status":"closed","template":"","meta":{"_acf_changed":false,"_monsterinsights_skip_tracking":false,"_monsterinsights_sitenote_active":false,"_monsterinsights_sitenote_note":"","_monsterinsights_sitenote_category":0,"_uf_show_specific_survey":0,"_uf_disable_surveys":false,"footnotes":""},"class_list":["post-5533","page","type-page","status-publish","hentry"],"acf":[],"yoast_head":"<!-- This site is optimized with the Yoast SEO plugin v26.8 - https:\/\/yoast.com\/product\/yoast-seo-wordpress\/ -->\n<title>Politique de confidentialit\u00e9 - TMI<\/title>\n<meta name=\"robots\" content=\"index, follow, max-snippet:-1, max-image-preview:large, max-video-preview:-1\" \/>\n<link rel=\"canonical\" href=\"https:\/\/www.tmipal.com\/fr\/privacy-policy\/\" \/>\n<meta property=\"og:locale\" content=\"fr_FR\" \/>\n<meta property=\"og:type\" content=\"article\" \/>\n<meta property=\"og:title\" content=\"Politique de confidentialit\u00e9 - TMI\" \/>\n<meta property=\"og:description\" content=\"Champ d\u2019application de la politique de confidentialit\u00e9 La pr\u00e9sente politique de protection des donn\u00e9es personnelles couvre tout traitement de donn\u00e9es pouvant \u00eatre effectu\u00e9 lors de la navigation ou de l\u2019interaction sur l\u2019un de nos sites web ou sur les r\u00e9seaux sociaux que nous g\u00e9rons (LinkedIn, Twitter, YouTube, etc.). Des informations sp\u00e9cifiques sur l\u2019utilisation des r\u00e9seaux [&hellip;]\" \/>\n<meta property=\"og:url\" content=\"https:\/\/www.tmipal.com\/fr\/privacy-policy\/\" \/>\n<meta property=\"og:site_name\" content=\"TMI\" \/>\n<meta property=\"article:modified_time\" content=\"2026-03-31T07:50:57+00:00\" \/>\n<meta name=\"twitter:card\" content=\"summary_large_image\" \/>\n<meta name=\"twitter:label1\" content=\"Est. reading time\" \/>\n\t<meta name=\"twitter:data1\" content=\"8 minutes\" \/>\n<script type=\"application\/ld+json\" class=\"yoast-schema-graph\">{\"@context\":\"https:\/\/schema.org\",\"@graph\":[{\"@type\":\"WebPage\",\"@id\":\"https:\/\/www.tmipal.com\/fr\/privacy-policy\/\",\"url\":\"https:\/\/www.tmipal.com\/fr\/privacy-policy\/\",\"name\":\"Politique de confidentialit\u00e9 - TMI\",\"isPartOf\":{\"@id\":\"https:\/\/www.tmipal.com\/fr\/#website\"},\"datePublished\":\"2025-05-09T06:26:57+00:00\",\"dateModified\":\"2026-03-31T07:50:57+00:00\",\"breadcrumb\":{\"@id\":\"https:\/\/www.tmipal.com\/fr\/privacy-policy\/#breadcrumb\"},\"inLanguage\":\"fr-FR\",\"potentialAction\":[{\"@type\":\"ReadAction\",\"target\":[\"https:\/\/www.tmipal.com\/fr\/privacy-policy\/\"]}]},{\"@type\":\"BreadcrumbList\",\"@id\":\"https:\/\/www.tmipal.com\/fr\/privacy-policy\/#breadcrumb\",\"itemListElement\":[{\"@type\":\"ListItem\",\"position\":1,\"name\":\"Premi\u00e8re page\",\"item\":\"https:\/\/www.tmipal.com\/fr\/accueil\/\"},{\"@type\":\"ListItem\",\"position\":2,\"name\":\"Politique de confidentialit\u00e9\"}]},{\"@type\":\"WebSite\",\"@id\":\"https:\/\/www.tmipal.com\/fr\/#website\",\"url\":\"https:\/\/www.tmipal.com\/fr\/\",\"name\":\"L\u00edneas completas de ensacado, paletizado y enfardado -TMI\",\"description\":\"L\u00edneas completas de ensacado, paletizado y enfardado\",\"publisher\":{\"@id\":\"https:\/\/www.tmipal.com\/fr\/#organization\"},\"potentialAction\":[{\"@type\":\"SearchAction\",\"target\":{\"@type\":\"EntryPoint\",\"urlTemplate\":\"https:\/\/www.tmipal.com\/fr\/?s={search_term_string}\"},\"query-input\":{\"@type\":\"PropertyValueSpecification\",\"valueRequired\":true,\"valueName\":\"search_term_string\"}}],\"inLanguage\":\"fr-FR\"},{\"@type\":\"Organization\",\"@id\":\"https:\/\/www.tmipal.com\/fr\/#organization\",\"name\":\"TMI\",\"url\":\"https:\/\/www.tmipal.com\/fr\/\",\"logo\":{\"@type\":\"ImageObject\",\"inLanguage\":\"fr-FR\",\"@id\":\"https:\/\/www.tmipal.com\/fr\/#\/schema\/logo\/image\/\",\"url\":\"https:\/\/www.tmipal.com\/wp-content\/uploads\/2024\/10\/logo-TMI-LLEIDA.png\",\"contentUrl\":\"https:\/\/www.tmipal.com\/wp-content\/uploads\/2024\/10\/logo-TMI-LLEIDA.png\",\"width\":200,\"height\":200,\"caption\":\"TMI\"},\"image\":{\"@id\":\"https:\/\/www.tmipal.com\/fr\/#\/schema\/logo\/image\/\"}}]}<\/script>\n<!-- \/ Yoast SEO plugin. -->","yoast_head_json":{"title":"Politique de confidentialit\u00e9 - TMI","robots":{"index":"index","follow":"follow","max-snippet":"max-snippet:-1","max-image-preview":"max-image-preview:large","max-video-preview":"max-video-preview:-1"},"canonical":"https:\/\/www.tmipal.com\/fr\/privacy-policy\/","og_locale":"fr_FR","og_type":"article","og_title":"Politique de confidentialit\u00e9 - TMI","og_description":"Champ d\u2019application de la politique de confidentialit\u00e9 La pr\u00e9sente politique de protection des donn\u00e9es personnelles couvre tout traitement de donn\u00e9es pouvant \u00eatre effectu\u00e9 lors de la navigation ou de l\u2019interaction sur l\u2019un de nos sites web ou sur les r\u00e9seaux sociaux que nous g\u00e9rons (LinkedIn, Twitter, YouTube, etc.). Des informations sp\u00e9cifiques sur l\u2019utilisation des r\u00e9seaux [&hellip;]","og_url":"https:\/\/www.tmipal.com\/fr\/privacy-policy\/","og_site_name":"TMI","article_modified_time":"2026-03-31T07:50:57+00:00","twitter_card":"summary_large_image","twitter_misc":{"Est. reading time":"8 minutes"},"schema":{"@context":"https:\/\/schema.org","@graph":[{"@type":"WebPage","@id":"https:\/\/www.tmipal.com\/fr\/privacy-policy\/","url":"https:\/\/www.tmipal.com\/fr\/privacy-policy\/","name":"Politique de confidentialit\u00e9 - TMI","isPartOf":{"@id":"https:\/\/www.tmipal.com\/fr\/#website"},"datePublished":"2025-05-09T06:26:57+00:00","dateModified":"2026-03-31T07:50:57+00:00","breadcrumb":{"@id":"https:\/\/www.tmipal.com\/fr\/privacy-policy\/#breadcrumb"},"inLanguage":"fr-FR","potentialAction":[{"@type":"ReadAction","target":["https:\/\/www.tmipal.com\/fr\/privacy-policy\/"]}]},{"@type":"BreadcrumbList","@id":"https:\/\/www.tmipal.com\/fr\/privacy-policy\/#breadcrumb","itemListElement":[{"@type":"ListItem","position":1,"name":"Premi\u00e8re page","item":"https:\/\/www.tmipal.com\/fr\/accueil\/"},{"@type":"ListItem","position":2,"name":"Politique de confidentialit\u00e9"}]},{"@type":"WebSite","@id":"https:\/\/www.tmipal.com\/fr\/#website","url":"https:\/\/www.tmipal.com\/fr\/","name":"L\u00edneas completas de ensacado, paletizado y enfardado -TMI","description":"L\u00edneas completas de ensacado, paletizado y enfardado","publisher":{"@id":"https:\/\/www.tmipal.com\/fr\/#organization"},"potentialAction":[{"@type":"SearchAction","target":{"@type":"EntryPoint","urlTemplate":"https:\/\/www.tmipal.com\/fr\/?s={search_term_string}"},"query-input":{"@type":"PropertyValueSpecification","valueRequired":true,"valueName":"search_term_string"}}],"inLanguage":"fr-FR"},{"@type":"Organization","@id":"https:\/\/www.tmipal.com\/fr\/#organization","name":"TMI","url":"https:\/\/www.tmipal.com\/fr\/","logo":{"@type":"ImageObject","inLanguage":"fr-FR","@id":"https:\/\/www.tmipal.com\/fr\/#\/schema\/logo\/image\/","url":"https:\/\/www.tmipal.com\/wp-content\/uploads\/2024\/10\/logo-TMI-LLEIDA.png","contentUrl":"https:\/\/www.tmipal.com\/wp-content\/uploads\/2024\/10\/logo-TMI-LLEIDA.png","width":200,"height":200,"caption":"TMI"},"image":{"@id":"https:\/\/www.tmipal.com\/fr\/#\/schema\/logo\/image\/"}}]}},"_links":{"self":[{"href":"https:\/\/www.tmipal.com\/fr\/wp-json\/wp\/v2\/pages\/5533","targetHints":{"allow":["GET"]}}],"collection":[{"href":"https:\/\/www.tmipal.com\/fr\/wp-json\/wp\/v2\/pages"}],"about":[{"href":"https:\/\/www.tmipal.com\/fr\/wp-json\/wp\/v2\/types\/page"}],"author":[{"embeddable":true,"href":"https:\/\/www.tmipal.com\/fr\/wp-json\/wp\/v2\/users\/1"}],"replies":[{"embeddable":true,"href":"https:\/\/www.tmipal.com\/fr\/wp-json\/wp\/v2\/comments?post=5533"}],"version-history":[{"count":3,"href":"https:\/\/www.tmipal.com\/fr\/wp-json\/wp\/v2\/pages\/5533\/revisions"}],"predecessor-version":[{"id":17596,"href":"https:\/\/www.tmipal.com\/fr\/wp-json\/wp\/v2\/pages\/5533\/revisions\/17596"}],"wp:attachment":[{"href":"https:\/\/www.tmipal.com\/fr\/wp-json\/wp\/v2\/media?parent=5533"}],"curies":[{"name":"wp","href":"https:\/\/api.w.org\/{rel}","templated":true}]}}